{"id":121,"date":"2021-01-15T14:33:33","date_gmt":"2021-01-15T13:33:33","guid":{"rendered":"https:\/\/sardiniabioenergy.it\/homepage\/"},"modified":"2021-02-13T12:12:06","modified_gmt":"2021-02-13T11:12:06","slug":"homepage","status":"publish","type":"page","link":"https:\/\/sardiniabioenergy.it\/es\/","title":{"rendered":"Homepage"},"content":{"rendered":"<p>[vc_row css_animation=\u00bb\u00bb row_type=\u00bbrow\u00bb use_row_as_full_screen_section=\u00bbno\u00bb type=\u00bbfull_width\u00bb angled_section=\u00bbno\u00bb text_align=\u00bbleft\u00bb background_image_as_pattern=\u00bbwithout_pattern\u00bb z_index=\u00bb\u00bb][vc_column]\n\t\t\t<!-- START Slider ESP REVOLUTION SLIDER 6.3.5 --><p class=\"rs-p-wp-fix\"><\/p>\n\t\t\t<rs-module-wrap id=\"rev_slider_3_1_wrapper\" data-source=\"gallery\" style=\"background:#e5e5e5;padding:0px;margin:0px auto;margin-top:0;margin-bottom:0;max-width:none;\">\n\t\t\t\t<rs-module id=\"rev_slider_3_1\" style=\"\" data-version=\"6.3.5\">\n\t\t\t\t\t<rs-slides>\n\t\t\t\t\t\t<rs-slide data-key=\"rs-13\" data-title=\"Slide\" data-thumb=\"\/\/sardiniabioenergy.it\/wp-content\/uploads\/2021\/01\/centrale-notte-nuovo-taglio-big.jpg\" data-anim=\"ei:d;eo:d;s:d;r:default;t:fade;sl:d;\">\n\t\t\t\t\t\t\t<img src=\"\/\/sardiniabioenergy.it\/wp-content\/plugins\/revslider\/public\/assets\/assets\/transparent.png\" alt=\"Slide\" title=\"centrale-notte-nuovo-taglio-big\" width=\"1300\" height=\"569\" class=\"rev-slidebg\" data-no-retina>\n<!--\n\t\t\t\t\t\t\t--><rs-layer\n\t\t\t\t\t\t\t\tid=\"slider-3-slide-13-layer-2\" \n\t\t\t\t\t\t\t\tdata-type=\"text\"\n\t\t\t\t\t\t\t\tdata-tsh=\"c:rgba(0,0,0,0.55);h:2px,2px,0px,0px;v:2px,2px,0px,0px;b:3px,3px,1px,0px;\"\n\t\t\t\t\t\t\t\tdata-rsp_ch=\"on\"\n\t\t\t\t\t\t\t\tdata-xy=\"xo:41px,41px,42px,29px;yo:75px,75px,119px,71px;\"\n\t\t\t\t\t\t\t\tdata-text=\"w:normal;s:27,27,30,22;l:36,36,32,23;ls:2px,2px,0px,0px;fw:700;\"\n\t\t\t\t\t\t\t\tdata-dim=\"w:558px,558px,auto,auto;h:42px,42px,45px,32px;\"\n\t\t\t\t\t\t\t\tdata-frame_0=\"x:175%;o:1;\"\n\t\t\t\t\t\t\t\tdata-frame_0_mask=\"u:t;x:-100%;\"\n\t\t\t\t\t\t\t\tdata-frame_1=\"e:power3.out;st:600;sp:1000;\"\n\t\t\t\t\t\t\t\tdata-frame_1_mask=\"u:t;\"\n\t\t\t\t\t\t\t\tdata-frame_999=\"o:0;st:w;sR:3320;\"\n\t\t\t\t\t\t\t\tstyle=\"z-index:9;font-family:Roboto;\"\n\t\t\t\t\t\t\t>Energ\u00eda renovable hacia el futuro \n\t\t\t\t\t\t\t<\/rs-layer><!--\n\n\t\t\t\t\t\t\t--><rs-layer\n\t\t\t\t\t\t\t\tid=\"slider-3-slide-13-layer-6\" \n\t\t\t\t\t\t\t\tdata-type=\"image\"\n\t\t\t\t\t\t\t\tdata-rsp_ch=\"on\"\n\t\t\t\t\t\t\t\tdata-xy=\"xo:0,0,-407px,-257px;\"\n\t\t\t\t\t\t\t\tdata-text=\"w:normal;s:20,20,9,5;l:0,0,12,7;\"\n\t\t\t\t\t\t\t\tdata-dim=\"w:1200px,1200px,1371px,868px;h:525px,525px,600px,380px;\"\n\t\t\t\t\t\t\t\tdata-border=\"bos:solid;boc:#d4d2d8;bow:3px,3px,3px,3px;\"\n\t\t\t\t\t\t\t\tdata-frame_1=\"sp:900;\"\n\t\t\t\t\t\t\t\tdata-frame_999=\"o:0;st:w;sR:4100;\"\n\t\t\t\t\t\t\t\tstyle=\"z-index:7;\"\n\t\t\t\t\t\t\t><img src=\"\/\/sardiniabioenergy.it\/wp-content\/uploads\/2021\/01\/centrale-notte-nuovo-taglio-big.jpg\" width=\"1300\" height=\"569\" data-no-retina> \n\t\t\t\t\t\t\t<\/rs-layer><!--\n-->\t\t\t\t\t\t<\/rs-slide>\n\t\t\t\t\t\t<rs-slide data-key=\"rs-14\" data-title=\"Slide\" data-thumb=\"\/\/sardiniabioenergy.it\/wp-content\/uploads\/2021\/01\/pks-big.jpg\" data-anim=\"ei:d;eo:d;s:d;r:default;t:fade;sl:d;\">\n\t\t\t\t\t\t\t<img src=\"\/\/sardiniabioenergy.it\/wp-content\/plugins\/revslider\/public\/assets\/assets\/transparent.png\" alt=\"Slide\" title=\"pks-big\" width=\"1300\" height=\"569\" class=\"rev-slidebg\" data-no-retina>\n<!--\n\t\t\t\t\t\t\t--><rs-layer\n\t\t\t\t\t\t\t\tid=\"slider-3-slide-14-layer-2\" \n\t\t\t\t\t\t\t\tdata-type=\"text\"\n\t\t\t\t\t\t\t\tdata-tsh=\"c:rgba(0,0,0,0.55);h:2px,2px,0px,0px;v:2px,2px,0px,0px;b:3px,3px,1px,0px;\"\n\t\t\t\t\t\t\t\tdata-rsp_ch=\"on\"\n\t\t\t\t\t\t\t\tdata-xy=\"xo:42px,42px,47px,28px;yo:353px,353px,363px,243px;\"\n\t\t\t\t\t\t\t\tdata-text=\"w:normal;s:27,27,30,22;l:36,36,32,23;ls:2px,2px,0px,0px;fw:700;\"\n\t\t\t\t\t\t\t\tdata-dim=\"w:431px,431px,520px,289px;h:133px,133px,104px,79px;\"\n\t\t\t\t\t\t\t\tdata-frame_0=\"x:175%;o:1;\"\n\t\t\t\t\t\t\t\tdata-frame_0_mask=\"u:t;x:-100%;\"\n\t\t\t\t\t\t\t\tdata-frame_1=\"e:power3.out;st:610;sp:1000;sR:610;\"\n\t\t\t\t\t\t\t\tdata-frame_1_mask=\"u:t;\"\n\t\t\t\t\t\t\t\tdata-frame_999=\"o:0;st:w;sR:3390;\"\n\t\t\t\t\t\t\t\tstyle=\"z-index:9;font-family:Roboto;\"\n\t\t\t\t\t\t\t>Sostenibilidad como forma global y responsable de organizar nuestra actividad \n\t\t\t\t\t\t\t<\/rs-layer><!--\n\n\t\t\t\t\t\t\t--><rs-layer\n\t\t\t\t\t\t\t\tid=\"slider-3-slide-14-layer-5\" \n\t\t\t\t\t\t\t\tdata-type=\"image\"\n\t\t\t\t\t\t\t\tdata-rsp_ch=\"on\"\n\t\t\t\t\t\t\t\tdata-xy=\"xo:0,0,-396px,-250px;\"\n\t\t\t\t\t\t\t\tdata-text=\"w:normal;s:20,20,9,5;l:0,0,12,7;\"\n\t\t\t\t\t\t\t\tdata-dim=\"w:1200px,1200px,1371px,868px;h:525px,525px,600px,380px;\"\n\t\t\t\t\t\t\t\tdata-border=\"bos:solid;boc:#d4d2d8;bow:3px,3px,3px,3px;\"\n\t\t\t\t\t\t\t\tdata-frame_1=\"sp:910;\"\n\t\t\t\t\t\t\t\tdata-frame_999=\"o:0;st:w;sR:4090;\"\n\t\t\t\t\t\t\t\tstyle=\"z-index:7;\"\n\t\t\t\t\t\t\t><img src=\"\/\/sardiniabioenergy.it\/wp-content\/uploads\/2021\/01\/pks-big.jpg\" width=\"1300\" height=\"569\" data-no-retina> \n\t\t\t\t\t\t\t<\/rs-layer><!--\n-->\t\t\t\t\t\t<\/rs-slide>\n\t\t\t\t\t\t<rs-slide data-key=\"rs-15\" data-title=\"Slide\" data-thumb=\"\/\/sardiniabioenergy.it\/wp-content\/uploads\/2021\/01\/canada-big.jpg\" data-anim=\"ei:d;eo:d;s:d;r:default;t:fade;sl:d;\">\n\t\t\t\t\t\t\t<img src=\"\/\/sardiniabioenergy.it\/wp-content\/plugins\/revslider\/public\/assets\/assets\/transparent.png\" alt=\"Slide\" title=\"canada-big\" width=\"1300\" height=\"569\" class=\"rev-slidebg\" data-no-retina>\n<!--\n\t\t\t\t\t\t\t--><rs-layer\n\t\t\t\t\t\t\t\tid=\"slider-3-slide-15-layer-2\" \n\t\t\t\t\t\t\t\tdata-type=\"text\"\n\t\t\t\t\t\t\t\tdata-tsh=\"c:rgba(0,0,0,0.55);h:2px,2px,0px,0px;v:2px,2px,0px,0px;b:5px,5px,2px,1px;\"\n\t\t\t\t\t\t\t\tdata-rsp_ch=\"on\"\n\t\t\t\t\t\t\t\tdata-xy=\"xo:716px,716px,62px,28px;yo:70px,70px,124px,97px;\"\n\t\t\t\t\t\t\t\tdata-text=\"w:normal;s:27,27,30,22;l:36,36,32,23;ls:2px,2px,0px,0px;fw:700;\"\n\t\t\t\t\t\t\t\tdata-dim=\"w:460px,460px,421px,290px;h:122px,122px,102px,76px;\"\n\t\t\t\t\t\t\t\tdata-frame_0=\"x:-175%;o:1;\"\n\t\t\t\t\t\t\t\tdata-frame_0_mask=\"u:t;x:100%;\"\n\t\t\t\t\t\t\t\tdata-frame_1=\"e:power3.out;st:650;sp:1000;\"\n\t\t\t\t\t\t\t\tdata-frame_1_mask=\"u:t;\"\n\t\t\t\t\t\t\t\tdata-frame_999=\"o:0;st:w;sR:3350;\"\n\t\t\t\t\t\t\t\tstyle=\"z-index:9;font-family:Roboto;\"\n\t\t\t\t\t\t\t>Experimentaci\u00f3n de los cultivos m\u00e1s id\u00f3neos y con los mejores rendimientos \n\t\t\t\t\t\t\t<\/rs-layer><!--\n\n\t\t\t\t\t\t\t--><rs-layer\n\t\t\t\t\t\t\t\tid=\"slider-3-slide-15-layer-4\" \n\t\t\t\t\t\t\t\tdata-type=\"image\"\n\t\t\t\t\t\t\t\tdata-rsp_ch=\"on\"\n\t\t\t\t\t\t\t\tdata-xy=\"xo:0,0,-498px,-315px;\"\n\t\t\t\t\t\t\t\tdata-text=\"w:normal;s:20,20,9,5;l:0,0,12,7;\"\n\t\t\t\t\t\t\t\tdata-dim=\"w:1200px,1200px,1371px,868px;h:525px,525px,600px,380px;\"\n\t\t\t\t\t\t\t\tdata-border=\"bos:solid;boc:#d4d2d8;bow:3px,3px,3px,3px;\"\n\t\t\t\t\t\t\t\tdata-frame_1=\"sp:910;\"\n\t\t\t\t\t\t\t\tdata-frame_999=\"o:0;st:w;sR:4090;\"\n\t\t\t\t\t\t\t\tstyle=\"z-index:8;\"\n\t\t\t\t\t\t\t><img src=\"\/\/sardiniabioenergy.it\/wp-content\/uploads\/2021\/01\/canada-big.jpg\" width=\"1300\" height=\"569\" data-no-retina> \n\t\t\t\t\t\t\t<\/rs-layer><!--\n-->\t\t\t\t\t\t<\/rs-slide>\n\t\t\t\t\t\t<rs-slide data-key=\"rs-16\" data-title=\"Slide\" data-thumb=\"\/\/sardiniabioenergy.it\/wp-content\/uploads\/2021\/01\/centrale-di-giorno-nuova-big.jpg\" data-anim=\"ei:d;eo:d;s:d;r:default;t:fade;sl:d;\">\n\t\t\t\t\t\t\t<img src=\"\/\/sardiniabioenergy.it\/wp-content\/plugins\/revslider\/public\/assets\/assets\/transparent.png\" alt=\"Slide\" title=\"centrale-di-giorno-nuova-big\" width=\"1300\" height=\"569\" class=\"rev-slidebg\" data-no-retina>\n<!--\n\t\t\t\t\t\t\t--><rs-layer\n\t\t\t\t\t\t\t\tid=\"slider-3-slide-16-layer-2\" \n\t\t\t\t\t\t\t\tdata-type=\"text\"\n\t\t\t\t\t\t\t\tdata-tsh=\"c:rgba(0,0,0,0.55);h:2px,2px,0px,0px;v:2px,2px,0px,0px;b:5px,5px,2px,1px;\"\n\t\t\t\t\t\t\t\tdata-rsp_ch=\"on\"\n\t\t\t\t\t\t\t\tdata-xy=\"xo:705px,705px,51px,32px;yo:67px,67px,131px,120px;\"\n\t\t\t\t\t\t\t\tdata-text=\"w:normal;s:27,27,27,22;l:36,36,30,23;ls:2px,2px,0px,0px;fw:700;\"\n\t\t\t\t\t\t\t\tdata-dim=\"w:433px,433px,374px,272px;h:86px,86px,71px,50px;\"\n\t\t\t\t\t\t\t\tdata-frame_0=\"x:-175%;o:1;\"\n\t\t\t\t\t\t\t\tdata-frame_0_mask=\"u:t;x:100%;\"\n\t\t\t\t\t\t\t\tdata-frame_1=\"e:power3.out;st:650;sp:1000;\"\n\t\t\t\t\t\t\t\tdata-frame_1_mask=\"u:t;\"\n\t\t\t\t\t\t\t\tdata-frame_999=\"o:0;st:w;sR:3350;\"\n\t\t\t\t\t\t\t\tstyle=\"z-index:9;font-family:Roboto;\"\n\t\t\t\t\t\t\t>A\u00f1os de experiencia en la gesti\u00f3n de biomasa \n\t\t\t\t\t\t\t<\/rs-layer><!--\n\n\t\t\t\t\t\t\t--><rs-layer\n\t\t\t\t\t\t\t\tid=\"slider-3-slide-16-layer-3\" \n\t\t\t\t\t\t\t\tdata-type=\"image\"\n\t\t\t\t\t\t\t\tdata-rsp_ch=\"on\"\n\t\t\t\t\t\t\t\tdata-xy=\"xo:0,0,-497px,-314px;\"\n\t\t\t\t\t\t\t\tdata-text=\"w:normal;s:20,20,9,5;l:0,0,12,7;\"\n\t\t\t\t\t\t\t\tdata-dim=\"w:1200px,1200px,1371px,868px;h:525px,525px,600px,380px;\"\n\t\t\t\t\t\t\t\tdata-border=\"bos:solid;boc:#d4d2d8;bow:3px,3px,3px,3px;\"\n\t\t\t\t\t\t\t\tdata-frame_1=\"sp:910;\"\n\t\t\t\t\t\t\t\tdata-frame_999=\"o:0;st:w;sR:4090;\"\n\t\t\t\t\t\t\t\tstyle=\"z-index:5;\"\n\t\t\t\t\t\t\t><img src=\"\/\/sardiniabioenergy.it\/wp-content\/uploads\/2021\/02\/centrale-alto-darker.jpg\" alt=\"Sardinia Bio Energy vista dall'alto\" width=\"1600\" height=\"700\" data-no-retina> \n\t\t\t\t\t\t\t<\/rs-layer><!--\n-->\t\t\t\t\t\t<\/rs-slide>\n\t\t\t\t\t\t<rs-slide data-key=\"rs-17\" data-title=\"Slide\" data-thumb=\"\/\/sardiniabioenergy.it\/wp-content\/uploads\/2021\/01\/nuova-trattore-big.jpg\" data-anim=\"ei:d;eo:d;s:d;r:default;t:fade;sl:d;\">\n\t\t\t\t\t\t\t<img src=\"\/\/sardiniabioenergy.it\/wp-content\/plugins\/revslider\/public\/assets\/assets\/transparent.png\" alt=\"Slide\" title=\"nuova-trattore-big\" width=\"1300\" height=\"569\" class=\"rev-slidebg\" data-no-retina>\n<!--\n\t\t\t\t\t\t\t--><rs-layer\n\t\t\t\t\t\t\t\tid=\"slider-3-slide-17-layer-1\" \n\t\t\t\t\t\t\t\tdata-type=\"image\"\n\t\t\t\t\t\t\t\tdata-rsp_ch=\"on\"\n\t\t\t\t\t\t\t\tdata-xy=\"xo:0,0,-248px,-157px;\"\n\t\t\t\t\t\t\t\tdata-text=\"w:normal;s:20,20,9,5;l:0,0,12,7;\"\n\t\t\t\t\t\t\t\tdata-dim=\"w:1200px,1200px,1371px,868px;h:525px,525px,600px,380px;\"\n\t\t\t\t\t\t\t\tdata-border=\"bos:solid;boc:#d4d2d8;bow:3px,3px,3px,3px;\"\n\t\t\t\t\t\t\t\tdata-frame_1=\"sp:910;\"\n\t\t\t\t\t\t\t\tdata-frame_999=\"o:0;st:w;sR:4090;\"\n\t\t\t\t\t\t\t\tstyle=\"z-index:8;\"\n\t\t\t\t\t\t\t><img src=\"\/\/sardiniabioenergy.it\/wp-content\/uploads\/2021\/01\/nuova-trattore-big.jpg\" width=\"1300\" height=\"569\" data-no-retina> \n\t\t\t\t\t\t\t<\/rs-layer><!--\n\n\t\t\t\t\t\t\t--><rs-layer\n\t\t\t\t\t\t\t\tid=\"slider-3-slide-17-layer-2\" \n\t\t\t\t\t\t\t\tdata-type=\"text\"\n\t\t\t\t\t\t\t\tdata-tsh=\"c:rgba(0,0,0,0.55);h:2px,2px,0px,0px;v:2px,2px,0px,0px;b:3px,3px,1px,0px;\"\n\t\t\t\t\t\t\t\tdata-rsp_ch=\"on\"\n\t\t\t\t\t\t\t\tdata-xy=\"xo:698px,698px,46px,27px;yo:66px,66px,147px,282px;\"\n\t\t\t\t\t\t\t\tdata-text=\"w:normal;s:27,27,30,22;l:40,40,30,23;ls:2px,2px,0px,0px;fw:700;\"\n\t\t\t\t\t\t\t\tdata-dim=\"w:512px,512px,465px,332px;h:49px,49px,auto,auto;\"\n\t\t\t\t\t\t\t\tdata-frame_0=\"x:-175%;o:1;\"\n\t\t\t\t\t\t\t\tdata-frame_0_mask=\"u:t;x:100%;\"\n\t\t\t\t\t\t\t\tdata-frame_1=\"e:power3.out;st:650;sp:1000;\"\n\t\t\t\t\t\t\t\tdata-frame_1_mask=\"u:t;\"\n\t\t\t\t\t\t\t\tdata-frame_999=\"o:0;st:w;sR:3350;\"\n\t\t\t\t\t\t\t\tstyle=\"z-index:9;font-family:Roboto;\"\n\t\t\t\t\t\t\t>Cultivo de la energ\u00eda del futuro \n\t\t\t\t\t\t\t<\/rs-layer><!--\n-->\t\t\t\t\t\t<\/rs-slide>\n\t\t\t\t\t\t<rs-slide data-key=\"rs-18\" data-title=\"Slide\" data-thumb=\"\/\/sardiniabioenergy.it\/wp-content\/uploads\/2021\/01\/miscanto-big.jpg\" data-anim=\"ei:d;eo:d;s:d;r:default;t:fade;sl:d;\">\n\t\t\t\t\t\t\t<img src=\"\/\/sardiniabioenergy.it\/wp-content\/plugins\/revslider\/public\/assets\/assets\/transparent.png\" alt=\"Slide\" title=\"miscanto-big\" width=\"1300\" height=\"569\" class=\"rev-slidebg\" data-no-retina>\n<!--\n\t\t\t\t\t\t\t--><rs-layer\n\t\t\t\t\t\t\t\tid=\"slider-3-slide-18-layer-0\" \n\t\t\t\t\t\t\t\tdata-type=\"image\"\n\t\t\t\t\t\t\t\tdata-rsp_ch=\"on\"\n\t\t\t\t\t\t\t\tdata-xy=\"xo:0,0,-361px,-228px;\"\n\t\t\t\t\t\t\t\tdata-text=\"w:normal;s:20,20,9,5;l:0,0,12,7;\"\n\t\t\t\t\t\t\t\tdata-dim=\"w:1200px,1200px,1369px,867px;h:525px,525px,599px,379px;\"\n\t\t\t\t\t\t\t\tdata-border=\"bos:solid;boc:#d4d2d8;bow:3px,3px,3px,3px;\"\n\t\t\t\t\t\t\t\tdata-frame_1=\"sp:910;\"\n\t\t\t\t\t\t\t\tdata-frame_999=\"o:0;st:w;sR:4090;\"\n\t\t\t\t\t\t\t\tstyle=\"z-index:8;\"\n\t\t\t\t\t\t\t><img src=\"\/\/sardiniabioenergy.it\/wp-content\/uploads\/2021\/01\/miscanto-big.jpg\" width=\"1300\" height=\"569\" data-no-retina> \n\t\t\t\t\t\t\t<\/rs-layer><!--\n\n\t\t\t\t\t\t\t--><rs-layer\n\t\t\t\t\t\t\t\tid=\"slider-3-slide-18-layer-2\" \n\t\t\t\t\t\t\t\tdata-type=\"text\"\n\t\t\t\t\t\t\t\tdata-tsh=\"c:rgba(0,0,0,0.55);h:2px,2px,0px,0px;v:2px,2px,0px,0px;b:3px,3px,1px,0px;\"\n\t\t\t\t\t\t\t\tdata-rsp_ch=\"on\"\n\t\t\t\t\t\t\t\tdata-xy=\"xo:60px,60px,43px,31px;yo:346px,346px,221px,127px;\"\n\t\t\t\t\t\t\t\tdata-text=\"w:normal;s:27,27,30,22;l:36,36,32,23;ls:2px,2px,0px,0px;fw:700;\"\n\t\t\t\t\t\t\t\tdata-dim=\"w:505px,505px,364px,262px;h:auto,auto,106px,76px;\"\n\t\t\t\t\t\t\t\tdata-frame_0=\"x:175%;o:1;\"\n\t\t\t\t\t\t\t\tdata-frame_0_mask=\"u:t;x:-100%;\"\n\t\t\t\t\t\t\t\tdata-frame_1=\"e:power3.out;st:650;sp:1000;\"\n\t\t\t\t\t\t\t\tdata-frame_1_mask=\"u:t;\"\n\t\t\t\t\t\t\t\tdata-frame_999=\"o:0;st:w;sR:3350;\"\n\t\t\t\t\t\t\t\tstyle=\"z-index:9;font-family:Roboto;\"\n\t\t\t\t\t\t\t>Desarrollo de cadenas de producci\u00f3n y cultivos agroenerg\u00e9ticos \n\t\t\t\t\t\t\t<\/rs-layer><!--\n-->\t\t\t\t\t\t<\/rs-slide>\n\t\t\t\t\t<\/rs-slides>\n\t\t\t\t\t<rs-static-layers><!--\n\n\t\t\t\t\t\t\t--><rs-layer\n\t\t\t\t\t\t\t\tid=\"slider-3-slide-3-layer-9\" \n\t\t\t\t\t\t\t\tclass=\"rs-layer-static\"\n\t\t\t\t\t\t\t\tdata-type=\"object\"\n\t\t\t\t\t\t\t\tdata-rsp_ch=\"on\"\n\t\t\t\t\t\t\t\tdata-xy=\"xo:50px,50px,24px,15px;yo:181px,181px,90px,57px;\"\n\t\t\t\t\t\t\t\tdata-text=\"w:normal;s:20,20,9,5;l:0,0,12,7;\"\n\t\t\t\t\t\t\t\tdata-onslides=\"s:1;\"\n\t\t\t\t\t\t\t\tdata-frame_999=\"o:0;st:w;sR:4700;\"\n\t\t\t\t\t\t\t\tstyle=\"z-index:8;font-family:Roboto;\"\n\t\t\t\t\t\t\t> \n\t\t\t\t\t\t\t<\/rs-layer><!--\n\t\t\t\t\t--><\/rs-static-layers>\n\t\t\t\t<\/rs-module>\n\t\t\t\t<script type=\"text\/javascript\">\n\t\t\t\t\tsetREVStartSize({c: 'rev_slider_3_1',rl:[1240,1240,778,480],el:[525,525,569,380],gw:[1200,1200,600,380],gh:[525,525,569,380],type:'standard',justify:'',layout:'fullwidth',mh:\"0\"});\n\t\t\t\t\tvar\trevapi3,\n\t\t\t\t\t\ttpj;\n\t\t\t\t\tfunction revinit_revslider31() {\n\t\t\t\t\tjQuery(function() {\n\t\t\t\t\t\ttpj = jQuery;\n\t\t\t\t\t\trevapi3 = tpj(\"#rev_slider_3_1\");\n\t\t\t\t\t\tif(revapi3==undefined || revapi3.revolution == undefined){\n\t\t\t\t\t\t\trevslider_showDoubleJqueryError(\"rev_slider_3_1\");\n\t\t\t\t\t\t}else{\n\t\t\t\t\t\t\trevapi3.revolution({\n\t\t\t\t\t\t\t\tduration:\"5000ms\",\n\t\t\t\t\t\t\t\tvisibilityLevels:\"1240,1240,778,480\",\n\t\t\t\t\t\t\t\tgridwidth:\"1200,1200,600,380\",\n\t\t\t\t\t\t\t\tgridheight:\"525,525,569,380\",\n\t\t\t\t\t\t\t\tperspective:600,\n\t\t\t\t\t\t\t\tperspectiveType:\"global\",\n\t\t\t\t\t\t\t\teditorheight:\"525,768,569,380\",\n\t\t\t\t\t\t\t\tresponsiveLevels:\"1240,1240,778,480\",\n\t\t\t\t\t\t\t\tshadow:5,\n\t\t\t\t\t\t\t\tprogressBar:{disableProgressBar:true},\n\t\t\t\t\t\t\t\tnavigation: {\n\t\t\t\t\t\t\t\t\twheelCallDelay:1000,\n\t\t\t\t\t\t\t\t\tonHoverStop:false,\n\t\t\t\t\t\t\t\t\tbullets: {\n\t\t\t\t\t\t\t\t\t\tenable:true,\n\t\t\t\t\t\t\t\t\t\ttmp:\"\",\n\t\t\t\t\t\t\t\t\t\tstyle:\"persephone\"\n\t\t\t\t\t\t\t\t\t}\n\t\t\t\t\t\t\t\t},\n\t\t\t\t\t\t\t\tfallbacks: {\n\t\t\t\t\t\t\t\t\tallowHTML5AutoPlayOnAndroid:true\n\t\t\t\t\t\t\t\t},\n\t\t\t\t\t\t\t});\n\t\t\t\t\t\t}\n\t\t\t\t\t\t\n\t\t\t\t\t});\n\t\t\t\t\t} \/\/ End of RevInitScript\n\t\t\t\tvar once_revslider31 = false;\n\t\t\t\tif (document.readyState === \"loading\") {document.addEventListener('readystatechange',function() { if((document.readyState === \"interactive\" || document.readyState === \"complete\") && !once_revslider31 ) { once_revslider31 = true; revinit_revslider31();}});} else {once_revslider31 = true; revinit_revslider31();}\n\t\t\t\t<\/script>\n\t\t\t\t<script>\n\t\t\t\t\tvar htmlDivCss = unescape(\"%23rev_slider_3_1_wrapper%20.persephone%20.tp-bullet%20%7B%0A%09width%3A12px%3B%0A%09height%3A12px%3B%0A%09position%3Aabsolute%3B%0A%09background%3A%23aaaaaa%3B%0A%09border%3A1px%20solid%20%23e5e5e5%3B%09%0A%09cursor%3A%20pointer%3B%0A%09box-sizing%3Acontent-box%3B%0A%7D%0A%23rev_slider_3_1_wrapper%20.persephone%20.tp-bullet%3Ahover%2C%0A%23rev_slider_3_1_wrapper%20.persephone%20.tp-bullet.selected%20%7B%0A%09background%3A%23000000%3B%0A%7D%0A%0A%0A\");\n\t\t\t\t\tvar htmlDiv = document.getElementById('rs-plugin-settings-inline-css');\n\t\t\t\t\tif(htmlDiv) {\n\t\t\t\t\t\thtmlDiv.innerHTML = htmlDiv.innerHTML + htmlDivCss;\n\t\t\t\t\t}else{\n\t\t\t\t\t\tvar htmlDiv = document.createElement('div');\n\t\t\t\t\t\thtmlDiv.innerHTML = '<style>' + htmlDivCss + '<\/style>';\n\t\t\t\t\t\tdocument.getElementsByTagName('head')[0].appendChild(htmlDiv.childNodes[0]);\n\t\t\t\t\t}\n\t\t\t\t<\/script>\n\t\t\t\t<script>\n\t\t\t\t\tvar htmlDivCss = unescape(\"%0A%0A%0A%0A%0A%0A\");\n\t\t\t\t\tvar htmlDiv = document.getElementById('rs-plugin-settings-inline-css');\n\t\t\t\t\tif(htmlDiv) {\n\t\t\t\t\t\thtmlDiv.innerHTML = htmlDiv.innerHTML + htmlDivCss;\n\t\t\t\t\t}else{\n\t\t\t\t\t\tvar htmlDiv = document.createElement('div');\n\t\t\t\t\t\thtmlDiv.innerHTML = '<style>' + htmlDivCss + '<\/style>';\n\t\t\t\t\t\tdocument.getElementsByTagName('head')[0].appendChild(htmlDiv.childNodes[0]);\n\t\t\t\t\t}\n\t\t\t\t<\/script>\n\t\t\t<\/rs-module-wrap>\n\t\t\t<!-- END REVOLUTION SLIDER -->\n[\/vc_column][\/vc_row][vc_row css_animation=\u00bb\u00bb row_type=\u00bbrow\u00bb use_row_as_full_screen_section=\u00bbno\u00bb type=\u00bbgrid\u00bb angled_section=\u00bbno\u00bb text_align=\u00bbleft\u00bb background_image_as_pattern=\u00bbwithout_pattern\u00bb z_index=\u00bb\u00bb css=\u00bb.vc_custom_1611074292142{margin-top: 50px !important;margin-bottom: 80px !important;}\u00bb][vc_column width=\u00bb2\/3&#8243;][vc_text_separator title=\u00bbQui\u00e9nes somos\u00bb title_align=\u00bbseparator_align_left\u00bb border=\u00bbno\u00bb background_color=\u00bbrgba(0,0,0,0.01)\u00bb title_color=\u00bb#1e73be\u00bb][vc_accordion active_tab=\u00bb1&#8243; style=\u00bbaccordion\u00bb][vc_accordion_tab title=\u00bbGruppo Serramanna Energia\u00bb][vc_column_text]El Grupo posee y gestiona la central el\u00e9ctrica de Cerde\u00f1a en el municipio de Serramanna alimentada por fuentes renovables con una potencia el\u00e9ctrica nominal de 13,3 Mw y una potencia t\u00e9rmica de 49,5 Mw. La central de Serramanna produce aprox. 100.000 Mw el\u00e9ctricos por a\u00f1o, energ\u00eda que puede satisfacer la necesidad de m\u00e1s de 30.000 familias. La iniciativa nace en el a\u00f1o 2006 gracias a la larga experiencia de m\u00e1s de treinta a\u00f1os de los socios fundadores en los mercados energ\u00e9ticos. Los recursos humanos, principal factor del \u00e9xito del Grupo, han permitido la consolidaci\u00f3n de las actividades debido a un enfoque din\u00e1mico y flexible que puede hacer frente a los actuales desaf\u00edos de los mercados energ\u00e9ticos y del suministro de biomasa.[\/vc_column_text][\/vc_accordion_tab][vc_accordion_tab title=\u00bbActividades\u00bb][vc_column_text]La actividad principal es la producci\u00f3n de energ\u00eda el\u00e9ctrica a partir de fuentes renovables, aunque a lo largo de los a\u00f1os el Grupo tambi\u00e9n ha desarrollado actividades de apoyo a la central el\u00e9ctrica. El Grupo se abastece, en Italia y en el extranjero, ya sea de modo directo con sus medios y operadores forestales como a trav\u00e9s de un n\u00famero seleccionado de proveedores que suministran el producto terminado a la central; experimenta adem\u00e1s diferentes cultivos agroenerg\u00e9ticos, con el fin de detectar la mejor biomasa para satisfacer las necesidades de las pr\u00f3ximas d\u00e9cadas.[\/vc_column_text][\/vc_accordion_tab][\/vc_accordion][\/vc_column][vc_column width=\u00bb1\/3&#8243; css=\u00bb.vc_custom_1611307436088{margin-top: 20px !important;margin-bottom: 30px !important;padding-right: 30px !important;padding-left: 30px !important;background-color: #f2f2f2 !important;}\u00bb][vc_column_text]<\/p>\n<h3>Noticias<\/h3>\n<p>[\/vc_column_text][vc_empty_space height=\u00bb20px\u00bb][qode_content_slider auto_rotate=\u00bb5&#8243; control_nav=\u00bbyes\u00bb][qode_content_slider_item][vc_column_text]<div class=\"wp-rss-template-container\" data-wpra-template=\"default\" data-template-ctx=\"eyJzb3VyY2VzIjoiNzA3In0=\">\n    <div class=\"wp-rss-aggregator wpra-list-template  \" data-page=\"1\">\n    \n    \n<ul class=\"wpra-item-list rss-aggregator \"\n    start=\"1\">\n                        <li class=\"wpra-item feed-item \">\n            \n            \n\n    <a  href=\"https:\/\/energetica21.com\/noticia\/apsystems-presentara-microinversores-y-soluciones-solares-innovadoras-en-intersolar-europe-2025\" target=\"_blank\" rel=\"nofollow\" class=\"\">APsystems presentar\u00e1 microinversores y soluciones solares innovadoras en Intersolar Europe 2025<\/a>\n\n\n\n\n\n\n<div class=\"wprss-feed-meta\">\n            <span class=\"feed-source\">\n            Source:\n\n                            Novedades de energetica21.com\n                    <\/span>\n    \n            <span class=\"feed-date\">\n            Published on 2025-04-22\n        <\/span>\n    \n    <\/div>\n\n\n\n\n\n            \n        <\/li>\n                    <li class=\"wpra-item feed-item \">\n            \n            \n\n    <a  href=\"https:\/\/energetica21.com\/noticia\/global-energy-services-incrementa-un-52porciento-los-ingresos-de-su-actividad-de-construccion-en-2024\" target=\"_blank\" rel=\"nofollow\" class=\"\">Global Energy Services incrementa un 52% los ingresos de su actividad de construcci\u00f3n en 2024<\/a>\n\n\n\n\n\n\n<div class=\"wprss-feed-meta\">\n            <span class=\"feed-source\">\n            Source:\n\n                            Novedades de energetica21.com\n                    <\/span>\n    \n            <span class=\"feed-date\">\n            Published on 2025-04-22\n        <\/span>\n    \n    <\/div>\n\n\n\n\n\n            \n        <\/li>\n        <\/ul>\n\n        \n<\/div>\n\n<\/div>\n<p>&nbsp;<\/p>\n<p>Noticias del sitio <a href=\"https:\/\/energetica21.com\/\" target=\"_blank\" rel=\"noopener\">energetica21.com<\/a>[\/vc_column_text][\/qode_content_slider_item][qode_content_slider_item][vc_column_text]<div class=\"wp-rss-template-container\" data-wpra-template=\"default\" data-template-ctx=\"eyJzb3VyY2VzIjoiNzEyIn0=\">\n    <div class=\"wp-rss-aggregator wpra-list-template  \" data-page=\"1\">\n    \n    \n<ul class=\"wpra-item-list rss-aggregator \"\n    start=\"1\">\n                        <li class=\"wpra-item feed-item \">\n            \n            \n\n    <a  href=\"https:\/\/biomassmagazine.com\/articles\/20393\/opal-fuels-south-jersey-industries-sign-rng-joint-venture\" target=\"_blank\" rel=\"nofollow\" class=\"\">OPAL Fuels, South Jersey Industries sign RNG joint venture<\/a>\n\n\n\n\n\n\n<div class=\"wprss-feed-meta\">\n            <span class=\"feed-source\">\n            Source:\n\n                            Biomass Magazine\n                    <\/span>\n    \n            <span class=\"feed-date\">\n            Published on 2023-09-22\n        <\/span>\n    \n    <\/div>\n\n\n\n\n\n            \n        <\/li>\n                    <li class=\"wpra-item feed-item \">\n            \n            \n\n    <a  href=\"https:\/\/biomassmagazine.com\/articles\/20392\/verbio-kicks-of-2023-corn-stover-harvest\" target=\"_blank\" rel=\"nofollow\" class=\"\">Verbio kicks of 2023 corn stover harvest<\/a>\n\n\n\n\n\n\n<div class=\"wprss-feed-meta\">\n            <span class=\"feed-source\">\n            Source:\n\n                            Biomass Magazine\n                    <\/span>\n    \n            <span class=\"feed-date\">\n            Published on 2023-09-22\n        <\/span>\n    \n    <\/div>\n\n\n\n\n\n            \n        <\/li>\n        <\/ul>\n\n        \n<\/div>\n\n<\/div>\n<p>&nbsp;<\/p>\n<p>Noticias del sitio <a href=\"http:\/\/biomassmagazine.com\/\" target=\"_blank\" rel=\"noopener\">biomassmagazine.com<\/a>[\/vc_column_text][\/qode_content_slider_item][\/qode_content_slider][\/vc_column][\/vc_row]<\/p>\n","protected":false},"excerpt":{"rendered":"<p>[vc_row css_animation=\u00bb\u00bb row_type=\u00bbrow\u00bb use_row_as_full_screen_section=\u00bbno\u00bb type=\u00bbfull_width\u00bb angled_section=\u00bbno\u00bb text_align=\u00bbleft\u00bb background_image_as_pattern=\u00bbwithout_pattern\u00bb z_index=\u00bb\u00bb][vc_column][\/vc_column][\/vc_row][vc_row css_animation=\u00bb\u00bb row_type=\u00bbrow\u00bb use_row_as_full_screen_section=\u00bbno\u00bb type=\u00bbgrid\u00bb angled_section=\u00bbno\u00bb text_align=\u00bbleft\u00bb background_image_as_pattern=\u00bbwithout_pattern\u00bb z_index=\u00bb\u00bb css=\u00bb.vc_custom_1611074292142{margin-top: 50px !important;margin-bottom: 80px !important;}\u00bb][vc_column width=\u00bb2\/3&#8243;][vc_text_separator title=\u00bbQui\u00e9nes somos\u00bb title_align=\u00bbseparator_align_left\u00bb border=\u00bbno\u00bb background_color=\u00bbrgba(0,0,0,0.01)\u00bb title_color=\u00bb#1e73be\u00bb][vc_accordion active_tab=\u00bb1&#8243; style=\u00bbaccordion\u00bb][vc_accordion_tab title=\u00bbGruppo Serramanna Energia\u00bb][vc_column_text]El Grupo posee y gestiona la central el\u00e9ctrica de Cerde\u00f1a en el&#8230;<\/p>\n","protected":false},"author":3,"featured_media":0,"parent":0,"menu_order":0,"comment_status":"closed","ping_status":"open","template":"full_width.php","meta":[],"aioseo_notices":[],"_links":{"self":[{"href":"https:\/\/sardiniabioenergy.it\/es\/wp-json\/wp\/v2\/pages\/121"}],"collection":[{"href":"https:\/\/sardiniabioenergy.it\/es\/wp-json\/wp\/v2\/pages"}],"about":[{"href":"https:\/\/sardiniabioenergy.it\/es\/wp-json\/wp\/v2\/types\/page"}],"author":[{"embeddable":true,"href":"https:\/\/sardiniabioenergy.it\/es\/wp-json\/wp\/v2\/users\/3"}],"replies":[{"embeddable":true,"href":"https:\/\/sardiniabioenergy.it\/es\/wp-json\/wp\/v2\/comments?post=121"}],"version-history":[{"count":6,"href":"https:\/\/sardiniabioenergy.it\/es\/wp-json\/wp\/v2\/pages\/121\/revisions"}],"predecessor-version":[{"id":823,"href":"https:\/\/sardiniabioenergy.it\/es\/wp-json\/wp\/v2\/pages\/121\/revisions\/823"}],"wp:attachment":[{"href":"https:\/\/sardiniabioenergy.it\/es\/wp-json\/wp\/v2\/media?parent=121"}],"curies":[{"name":"wp","href":"https:\/\/api.w.org\/{rel}","templated":true}]}}