{"id":529,"date":"2021-01-15T16:02:12","date_gmt":"2021-01-15T15:02:12","guid":{"rendered":"https:\/\/sardiniabioenergy.it\/azienda\/"},"modified":"2022-11-29T17:30:44","modified_gmt":"2022-11-29T16:30:44","slug":"empresa","status":"publish","type":"page","link":"https:\/\/sardiniabioenergy.it\/es\/empresa\/","title":{"rendered":"Empresa"},"content":{"rendered":"<p>[vc_row css_animation=\u00bb\u00bb row_type=\u00bbrow\u00bb use_row_as_full_screen_section=\u00bbno\u00bb type=\u00bbfull_width\u00bb angled_section=\u00bbno\u00bb text_align=\u00bbcenter\u00bb background_image_as_pattern=\u00bbwithout_pattern\u00bb z_index=\u00bb\u00bb css=\u00bb.vc_custom_1613293063994{background-color: #dddddd !important;}\u00bb el_id=\u00bbheadpags\u00bb][vc_column][vc_single_image image=\u00bb33&#8243; img_size=\u00bbfull\u00bb alignment=\u00bbcenter\u00bb style=\u00bbvc_box_shadow_3d\u00bb qode_css_animation=\u00bb\u00bb css=\u00bb.vc_custom_1611311217777{margin-top: 20px !important;margin-bottom: 10px !important;}\u00bb][\/vc_column][\/vc_row][vc_row css_animation=\u00bb\u00bb row_type=\u00bbrow\u00bb use_row_as_full_screen_section=\u00bbno\u00bb type=\u00bbgrid\u00bb angled_section=\u00bbno\u00bb text_align=\u00bbleft\u00bb background_image_as_pattern=\u00bbwithout_pattern\u00bb z_index=\u00bb\u00bb css=\u00bb.vc_custom_1611401843385{margin-top: 50px !important;margin-bottom: 30px !important;}\u00bb][vc_column][vc_text_separator title=\u00bbEmpresa\u00bb title_align=\u00bbseparator_align_left\u00bb border=\u00bbno\u00bb title_color=\u00bb#1e73be\u00bb background_color=\u00bb#ffffff\u00bb][\/vc_column][\/vc_row][vc_row css_animation=\u00bb\u00bb row_type=\u00bbrow\u00bb use_row_as_full_screen_section=\u00bbno\u00bb type=\u00bbgrid\u00bb angled_section=\u00bbno\u00bb text_align=\u00bbleft\u00bb background_image_as_pattern=\u00bbwithout_pattern\u00bb z_index=\u00bb\u00bb css=\u00bb.vc_custom_1611401858192{margin-bottom: 50px !important;}\u00bb][vc_column width=\u00bb4\/5&#8243;]<section class=\"elegant-tabs-container\">\n\t\t\t<div class=\"et-tabs et-vertical et-mobile-enabled et-tabs-style-bars tab-class-1247862518 et-align-left\"\n\t\t\tdata-tab_style=\"bars\"\n\t\t\tdata-active-bg=\"\"\n\t\t\tdata-active-text=\"\"\n\t\t\tdata-hover-bg=\"\"\n\t\t\tdata-hover-text=\"\"\n\t\t\tdata-active-tab=\"0\"\n\t\t\tdata-auto-switch-tab=\"no\"\n\t\t\tdata-switch-interval=\"5\"  >\n\t\t\t<nav class=\"elegant-tabs-nav\" style=\"\">\n\t\t\t<ul class=\"elegant-tabs-list-container\" style=\"color:;\">\n\t\t\t<li style=\"\" ><a class=\"et-anchor-tag\" style=\"\" href=\"#\" target=\"\" data-href=\"#section-1631201879350-5\"><span style=\"\" class=\"et-tab-title no-icon\">Qui\u00e9nes somos<\/span><\/a><\/li><li style=\"\" ><a class=\"et-anchor-tag\" style=\"\" href=\"#\" target=\"\" data-href=\"#section-1631201879413-2\"><span style=\"\" class=\"et-tab-title no-icon\">Nuestros Valores<\/span><\/a><\/li><li style=\"\" ><a class=\"et-anchor-tag\" style=\"\" href=\"#\" target=\"\" data-href=\"#section-1631201888853-3-10\"><span style=\"\" class=\"et-tab-title no-icon\">La Historia<\/span><\/a><\/li><li style=\"\" ><a class=\"et-anchor-tag\" style=\"\" href=\"#\" target=\"\" data-href=\"#section-1631201889748-4-0\"><span style=\"\" class=\"et-tab-title no-icon\">Partners<\/span><\/a><\/li>\n\t\t\t<\/ul>\n\t\t\t<\/nav>\n\t\t\t<div class=\"et-content-wrap\">\n\t\t\t<section id=\"section-1631201879350-5\" class=\"tab\" data-animation=\"\" style=\"background:; color:;\"><div class=\"infi-content-wrapper\">[vc_column_text]La iniciativa de capital privado del Gruppo Serramanna Energia Spa consiste en la producci\u00f3n de energ\u00eda el\u00e9ctrica a partir de fuentes de energ\u00eda renovable, y en particular de biomasa s\u00f3lida.<\/p>\n<p>La central el\u00e9ctrica, ubicada en la regi\u00f3n de Cerde\u00f1a en la provincia de Medio Campidano, aceptada en el sistema nacional de incentivos por un periodo de 20 a\u00f1os, efect\u00faa el primer suministro de energ\u00eda producida en la red de distribuci\u00f3n en el mes de octubre de 2009, y despu\u00e9s de un periodo de prueba entra en plena actividad en el a\u00f1o 2010.<br \/>\nLas actividades del Gruppo Serramanna Energia Spa se desarrollan en su totalidad en el mundo de la biomasa. El Grupo se abastece en Italia y en el extranjero, ya sea de modo directo con sus medios y operadores forestales, como a trav\u00e9s de un n\u00famero seleccionado de proveedores que suministran el producto ya terminado a la central.<\/p>\n<p>Las actividades del Grupo se han desarrollado tambi\u00e9n en el sector de los cultivos agroenerg\u00e9ticos, experimentando con los cultivos m\u00e1s id\u00f3neos y con los mejores rendimientos.<\/p>\n<p>Las fuentes renovables tienen origen principalmente en la producci\u00f3n local; para garantizar un promedio de determinadas calor\u00edas en el proceso de combusti\u00f3n, una parte de las mismas proviene de algunos pa\u00edses de la zona tropical y de la cuenca del mediterr\u00e1neo. Dichas fuentes son las astillas de madera, constituidas por material vegetal virgen con una vasta gama de proveniencia y con las caracter\u00edsticas establecidas por \u00faltimas normativas vigentes, como por ejemplo la recuperaci\u00f3n silvicultural, las astillas de uso forestal, el mantenimiento de la vegetaci\u00f3n en el sector rural, el mantenimiento de las franjas cortafuego, como as\u00ed tambi\u00e9n la recuperaci\u00f3n de la naturaleza agroindustrial como el bagazo, el almacenamiento de alcachofa, la poda de olivicultura, el orujo de aceitunas sin hueso y con hueso, c\u00e1scara de avellana de Palma Africana (PKS -Palm Kernel Shell) y de almendra y cultivos espec\u00edficos en tierras marginales no aptas para cultivos alimentarios.[\/vc_column_text]<\/div><\/section><section id=\"section-1631201879413-2\" class=\"tab\" data-animation=\"\" style=\"background:; color:;\"><div class=\"infi-content-wrapper\">[vc_column_text]Nuestros Valores se basan en un enfoque compartido, din\u00e1mico y responsable en la organizaci\u00f3n de la empresa, que une sostenibilidad econ\u00f3mica, ambiental y social.<\/p>\n<p>Un claro ejemplo de compromiso social por parte del Grupo se puede constatar en la descripci\u00f3n del proyecto en Guinea Bissau, que apunta al mejoramiento de las condiciones econ\u00f3micas de algunas aldeas, mediante el suministro de maquinarias para el desarrollo de actividades de producci\u00f3n y venta de biocombustible, a trav\u00e9s del uso del aceite de palma y de los desechos de la semilla (PKS, Palm Kernel Shell), que se obtienen gracias al reciclado y la transformaci\u00f3n de los residuos de la producci\u00f3n. El proyecto nace de la uni\u00f3n de varios participantes que, aunque tienen objetivos diferentes, se ocupan del mismo producto vegetal, el PKS. Los participantes son el Programma Sviluppo 76 (Programa de Desarrollo 76), el departamento de la Universidad de G\u00e9nova DICAT, el colaborador local Amigos de Guin\u00e9-Bissau, la ONG belga Codeart y la empresa Sardinia Bio Energy.<\/p>\n<p>El Grupo Sardinia Bio Energy, adem\u00e1s de la colaboraci\u00f3n con el Programma Sviluppo 76 para apoyar el lanzamiento del proyecto en Guinea Bissau, ha manifestado siempre su propio inter\u00e9s tambi\u00e9n en adquirir el PKS de los operadores de Guinea Bissau.<br \/>\nLa relaci\u00f3n asociaci\u00f3n-empresa que se manifiesta aqu\u00ed apunta a un desarrollo econ\u00f3mico paritario, que incluye tanto componentes con fines de lucro como aquellos sin fines de lucro; posiciona a los beneficiarios en el mismo nivel que los donadores y proporciona a los mismos los instrumentos para la propia sostenibilidad. La nueva relaci\u00f3n que se ha establecido no transforma la cooperaci\u00f3n en un acto de asistencia, sino en un acto de colaboraci\u00f3n.[\/vc_column_text]<\/div><\/section><section id=\"section-1631201888853-3-10\" class=\"tab\" data-animation=\"\" style=\"background:; color:;\"><div class=\"infi-content-wrapper\">[vc_column_text]<strong>2006:<\/strong> Constituci\u00f3n de la sociedad Sardinia Bio Energy y comienzo de los tr\u00e1mites de autorizaciones por parte de la direcci\u00f3n, sin disponer de un contratista principal, pero contando con la experiencia de treinta a\u00f1os de sus colaboradores en los mercados energ\u00e9ticos.<br \/>\n<strong>2007:<\/strong> Planificaci\u00f3n ejecutiva y de construcci\u00f3n de la planta.<br \/>\n<strong>2008:<\/strong> La direcci\u00f3n pone en marcha los primeros trabajos en el terreno de propiedad y comienza a estructurar la sociedad para gestionar la cadena de producci\u00f3n para el suministro de biomasa.<br \/>\n<strong>2009:<\/strong> Se concluye la planta con la consiguiente puesta en marcha e incorporaci\u00f3n a la red en el mes de octubre del primer Mw producido.<br \/>\n<strong>2009-2010:<\/strong> Pruebas y puesta en funcionamiento de la planta, comienzo de las primeras importaciones mar\u00edtimas de biomasa.<br \/>\n<strong>2010:<\/strong> Comienzo de las experimentaciones agroenerg\u00e9ticas de esencias diversificadas.<br \/>\n<strong>2011:<\/strong> La planta comienza a funcionar en el cumplimiento del desarrollo de los proyectos, contempor\u00e1neamente se implementa la experimentaci\u00f3n de cultivos agroenerg\u00e9ticos.<br \/>\n<strong>2012:<\/strong> Puesta en marcha de las primeras cadenas de producci\u00f3n extranjeras y obtenci\u00f3n de la autorizaci\u00f3n de la planta de cogeneraci\u00f3n de biog\u00e1s de aprox. 1Mw.<br \/>\n<strong>2013:<\/strong> Exitoso desarollo de la catenda de suministro de biomasa en West Africa.<br \/>\n<strong>2014:<\/strong> Serramanna Energia consigue la certificaci\u00f3n de calidad ISO 9001 para la producci\u00f3n de biomasa en planta a combustion direct y en planta de biogas.<br \/>\n<strong>2015:<\/strong> El Grupo empieza la producci\u00f3n y commercializaci\u00f3n de diferentes fertilizantes org\u00e1nicos.<br \/>\n<strong>2016:<\/strong>El Grupo adquiere la empresa Eco Conglomerati activa en la producci\u00f2n de hormig\u00f2n reciclado.<br \/>\n<span class=\"HwtZe\" lang=\"es\"><span class=\"jCAhz ChMk0b\"><span class=\"ryNqvb\"><strong>2017:<\/strong> El Grupo inicia el registro ante los organismos competentes de nuevos fertilizantes permitidos en agricultura ecol\u00f3gica sin utilizaci\u00f3n de matrices de origen animal.<\/span><\/span><br \/>\n<span class=\"jCAhz ChMk0b\"><span class=\"ryNqvb\"><strong>2019:<\/strong> inicio de la comercializaci\u00f3n de biofiltros olorosos y desarrollo de nuevos sistemas fotovoltaicos<\/span><\/span><br \/>\n<span class=\"jCAhz ChMk0b\"><span class=\"ryNqvb\"><strong>2020:<\/strong> Se desarrolla la divisi\u00f3n dedicada a \u201cBienestar Animal\u201d en colaboraci\u00f3n con las principales empresas del sector<\/span><\/span><br \/>\n<span class=\"jCAhz ChMk0b\"><span class=\"ryNqvb\"><strong>2021:<\/strong> establecimiento de las fincas de Persea dedicadas a un modelo de agricultura regenerativa con el objetivo de producir un aguacate org\u00e1nico de cadena corta y de calidad<\/span><\/span><br \/>\n<span class=\"jCAhz ChMk0b\"><span class=\"ryNqvb\"><strong>2022:<\/strong> implantaci\u00f3n de una estructura interna enteramente dedicada al desarrollo y construcci\u00f3n de nuevas plantas fotovoltaicas<\/span><\/span><\/span>[\/vc_column_text]<\/div><\/section><section id=\"section-1631201889748-4-0\" class=\"tab\" data-animation=\"\" style=\"background:; color:;\"><div class=\"infi-content-wrapper\">[vc_column_text]<a href=\"http:\/\/www.biomasseenergia.it\" target=\"_blank\" rel=\"noopener\"><img loading=\"lazy\" class=\"alignnone size-full wp-image-1397\" title=\"Ebs\" src=\"https:\/\/sardiniabioenergy.it\/wp-content\/uploads\/2021\/01\/ebs.jpg\" alt=\"\" width=\"380\" height=\"91\" \/><\/a><\/p>\n<p><a href=\"http:\/\/www.confindustriasardegna.it\" target=\"_blank\" rel=\"noopener\"><img loading=\"lazy\" class=\"alignnone size-full wp-image-1487\" title=\"confindustria-sardegna\" src=\"https:\/\/sardiniabioenergy.it\/wp-content\/uploads\/2021\/01\/confindustria-sardegna.jpg\" alt=\"\" width=\"500\" height=\"120\" \/><\/a><\/p>\n<p><a href=\"http:\/\/www.elettricitafutura.it\/\" target=\"_blank\" rel=\"noopener\"><img loading=\"lazy\" class=\"alignnone size-full wp-image-1607\" title=\"elettricita-futura-\" src=\"https:\/\/sardiniabioenergy.it\/wp-content\/uploads\/2021\/01\/elettricita-futura-.jpg\" alt=\"\" width=\"500\" height=\"120\" \/><\/a><\/p>\n<p><a href=\"http:\/\/www.cti2000.it\/\" target=\"_blank\" rel=\"noopener\"><img loading=\"lazy\" class=\"alignnone size-full wp-image-401\" title=\"cti\" src=\"https:\/\/sardiniabioenergy.it\/wp-content\/uploads\/2021\/01\/cti.jpg\" alt=\"\" width=\"380\" height=\"91\" \/><\/a><\/p>\n<p><a href=\"http:\/\/www.agriconsulting.it\/\" target=\"_blank\" rel=\"noopener\"><img loading=\"lazy\" class=\"alignnone size-full wp-image-282\" title=\"Agriconsulting\" src=\"https:\/\/sardiniabioenergy.it\/wp-content\/uploads\/2021\/01\/Agriconsulting.jpg\" alt=\"\" width=\"380\" height=\"91\" \/><\/a><\/p>\n<p><a href=\"http:\/\/www.chimicaverde.it\" target=\"_blank\" rel=\"noopener\"><img loading=\"lazy\" class=\"alignnone size-full wp-image-1023\" title=\"ass-chimica-verde\" src=\"https:\/\/sardiniabioenergy.it\/wp-content\/uploads\/2021\/01\/ass-chimica-verde.jpg\" alt=\"\" width=\"380\" height=\"91\" \/><\/a><\/p>\n<p><a href=\"http:\/\/www.itabia.it\" target=\"_blank\" rel=\"noopener\"><img loading=\"lazy\" class=\"alignnone size-full wp-image-1024\" title=\"itabia-logotipo\" src=\"https:\/\/sardiniabioenergy.it\/wp-content\/uploads\/2021\/01\/itabia-logotipo.jpg\" alt=\"\" width=\"380\" height=\"91\" \/><\/a>[\/vc_column_text]<\/div><\/section>\n\t\t\t<\/div> <!-- \/et-content-wrap -->\n\t\t\t<\/div> <!-- \/et-tabs -->\n\t\t\t<\/section>[vc_empty_space height=\u00bb50px\u00bb][\/vc_column][vc_column width=\u00bb1\/5&#8243;][vc_single_image image=\u00bb760&#8243; img_size=\u00bbfull\u00bb style=\u00bbvc_box_shadow_3d\u00bb onclick=\u00bblink_image\u00bb qode_css_animation=\u00bb\u00bb][vc_empty_space][vc_single_image image=\u00bb764&#8243; img_size=\u00bbfull\u00bb style=\u00bbvc_box_shadow_3d\u00bb onclick=\u00bblink_image\u00bb qode_css_animation=\u00bb\u00bb][vc_empty_space][\/vc_column][\/vc_row]<\/p>\n","protected":false},"excerpt":{"rendered":"<p>[vc_row css_animation=\u00bb\u00bb row_type=\u00bbrow\u00bb use_row_as_full_screen_section=\u00bbno\u00bb type=\u00bbfull_width\u00bb angled_section=\u00bbno\u00bb text_align=\u00bbcenter\u00bb background_image_as_pattern=\u00bbwithout_pattern\u00bb z_index=\u00bb\u00bb css=\u00bb.vc_custom_1613293063994{background-color: #dddddd !important;}\u00bb el_id=\u00bbheadpags\u00bb][vc_column][vc_single_image image=\u00bb33&#8243; img_size=\u00bbfull\u00bb alignment=\u00bbcenter\u00bb style=\u00bbvc_box_shadow_3d\u00bb qode_css_animation=\u00bb\u00bb css=\u00bb.vc_custom_1611311217777{margin-top: 20px !important;margin-bottom: 10px !important;}\u00bb][\/vc_column][\/vc_row][vc_row css_animation=\u00bb\u00bb row_type=\u00bbrow\u00bb use_row_as_full_screen_section=\u00bbno\u00bb type=\u00bbgrid\u00bb angled_section=\u00bbno\u00bb text_align=\u00bbleft\u00bb background_image_as_pattern=\u00bbwithout_pattern\u00bb z_index=\u00bb\u00bb css=\u00bb.vc_custom_1611401843385{margin-top: 50px !important;margin-bottom: 30px !important;}\u00bb][vc_column][vc_text_separator title=\u00bbEmpresa\u00bb title_align=\u00bbseparator_align_left\u00bb border=\u00bbno\u00bb title_color=\u00bb#1e73be\u00bb background_color=\u00bb#ffffff\u00bb][\/vc_column][\/vc_row][vc_row css_animation=\u00bb\u00bb row_type=\u00bbrow\u00bb use_row_as_full_screen_section=\u00bbno\u00bb type=\u00bbgrid\u00bb&#8230;<\/p>\n","protected":false},"author":3,"featured_media":0,"parent":0,"menu_order":0,"comment_status":"closed","ping_status":"closed","template":"full_width.php","meta":[],"aioseo_notices":[],"_links":{"self":[{"href":"https:\/\/sardiniabioenergy.it\/es\/wp-json\/wp\/v2\/pages\/529"}],"collection":[{"href":"https:\/\/sardiniabioenergy.it\/es\/wp-json\/wp\/v2\/pages"}],"about":[{"href":"https:\/\/sardiniabioenergy.it\/es\/wp-json\/wp\/v2\/types\/page"}],"author":[{"embeddable":true,"href":"https:\/\/sardiniabioenergy.it\/es\/wp-json\/wp\/v2\/users\/3"}],"replies":[{"embeddable":true,"href":"https:\/\/sardiniabioenergy.it\/es\/wp-json\/wp\/v2\/comments?post=529"}],"version-history":[{"count":10,"href":"https:\/\/sardiniabioenergy.it\/es\/wp-json\/wp\/v2\/pages\/529\/revisions"}],"predecessor-version":[{"id":34203,"href":"https:\/\/sardiniabioenergy.it\/es\/wp-json\/wp\/v2\/pages\/529\/revisions\/34203"}],"wp:attachment":[{"href":"https:\/\/sardiniabioenergy.it\/es\/wp-json\/wp\/v2\/media?parent=529"}],"curies":[{"name":"wp","href":"https:\/\/api.w.org\/{rel}","templated":true}]}}