{"id":542,"date":"2021-01-15T16:02:24","date_gmt":"2021-01-15T15:02:24","guid":{"rendered":"https:\/\/sardiniabioenergy.it\/attivita\/"},"modified":"2022-11-29T18:19:32","modified_gmt":"2022-11-29T17:19:32","slug":"actividades","status":"publish","type":"page","link":"https:\/\/sardiniabioenergy.it\/es\/actividades\/","title":{"rendered":"Actividades"},"content":{"rendered":"<p>[vc_row css_animation=\u00bb\u00bb row_type=\u00bbrow\u00bb use_row_as_full_screen_section=\u00bbno\u00bb type=\u00bbfull_width\u00bb angled_section=\u00bbno\u00bb text_align=\u00bbcenter\u00bb background_image_as_pattern=\u00bbwithout_pattern\u00bb z_index=\u00bb\u00bb css=\u00bb.vc_custom_1613293036206{background-color: #dddddd !important;}\u00bb el_id=\u00bbheadpags\u00bb][vc_column][vc_single_image image=\u00bb100&#8243; img_size=\u00bbfull\u00bb alignment=\u00bbcenter\u00bb style=\u00bbvc_box_shadow_3d\u00bb qode_css_animation=\u00bb\u00bb css=\u00bb.vc_custom_1611319530463{margin-top: 20px !important;margin-bottom: 10px !important;}\u00bb][\/vc_column][\/vc_row][vc_row css_animation=\u00bb\u00bb row_type=\u00bbrow\u00bb use_row_as_full_screen_section=\u00bbno\u00bb type=\u00bbgrid\u00bb angled_section=\u00bbno\u00bb text_align=\u00bbleft\u00bb background_image_as_pattern=\u00bbwithout_pattern\u00bb z_index=\u00bb\u00bb css=\u00bb.vc_custom_1611311329807{margin-top: 50px !important;margin-bottom: 50px !important;}\u00bb][vc_column][vc_text_separator title=\u00bbActividades\u00bb title_align=\u00bbseparator_align_left\u00bb border=\u00bbno\u00bb title_color=\u00bb#1e73be\u00bb background_color=\u00bb#ffffff\u00bb][\/vc_column][\/vc_row][vc_row css_animation=\u00bb\u00bb row_type=\u00bbrow\u00bb use_row_as_full_screen_section=\u00bbno\u00bb type=\u00bbgrid\u00bb angled_section=\u00bbno\u00bb text_align=\u00bbleft\u00bb background_image_as_pattern=\u00bbwithout_pattern\u00bb z_index=\u00bb\u00bb][vc_column width=\u00bb1\/2&#8243;][vc_single_image image=\u00bb180&#8243; img_size=\u00bbfull\u00bb alignment=\u00bbcenter\u00bb style=\u00bbvc_box_shadow_3d\u00bb qode_css_animation=\u00bb\u00bb][vc_empty_space][\/vc_column][vc_column width=\u00bb1\/2&#8243;][vc_column_text]<\/p>\n<h4><strong>Haga clic para ver los detalles:<\/strong><\/h4>\n<p>[\/vc_column_text][vc_empty_space height=\u00bb12px\u00bb][vc_column_text]<\/p>\n<ul>\n<li><a href=\"\/es\/produzione-energia-elettrica\/\">Producci\u00f3n de Energ\u00eda El\u00e9ctrica<\/a><\/li>\n<li><a href=\"\/es\/approvvigionamento\/\">Suministro<\/a><\/li>\n<li><a href=\"\/es\/economia-circolare\/\">Econom\u00eda Circular<\/a><\/li>\n<li><a href=\"\/es\/riciclaggio\/\">Reciclaje<\/a><\/li>\n<li><a href=\"\/es\/fotovoltaico\/\">Fotovoltaica<\/a><\/li>\n<li><a href=\"\/es\/agricoltura\/\">Agricultura<\/a><\/li>\n<\/ul>\n<p>[\/vc_column_text][vc_empty_space height=\u00bb16px\u00bb][vc_single_image image=\u00bb183&#8243; img_size=\u00bbfull\u00bb style=\u00bbvc_box_shadow_3d\u00bb qode_css_animation=\u00bb\u00bb][vc_empty_space][\/vc_column][\/vc_row]<\/p>\n","protected":false},"excerpt":{"rendered":"<p>[vc_row css_animation=\u00bb\u00bb row_type=\u00bbrow\u00bb use_row_as_full_screen_section=\u00bbno\u00bb type=\u00bbfull_width\u00bb angled_section=\u00bbno\u00bb text_align=\u00bbcenter\u00bb background_image_as_pattern=\u00bbwithout_pattern\u00bb z_index=\u00bb\u00bb css=\u00bb.vc_custom_1613293036206{background-color: #dddddd !important;}\u00bb el_id=\u00bbheadpags\u00bb][vc_column][vc_single_image image=\u00bb100&#8243; img_size=\u00bbfull\u00bb alignment=\u00bbcenter\u00bb style=\u00bbvc_box_shadow_3d\u00bb qode_css_animation=\u00bb\u00bb css=\u00bb.vc_custom_1611319530463{margin-top: 20px !important;margin-bottom: 10px !important;}\u00bb][\/vc_column][\/vc_row][vc_row css_animation=\u00bb\u00bb row_type=\u00bbrow\u00bb use_row_as_full_screen_section=\u00bbno\u00bb type=\u00bbgrid\u00bb angled_section=\u00bbno\u00bb text_align=\u00bbleft\u00bb background_image_as_pattern=\u00bbwithout_pattern\u00bb z_index=\u00bb\u00bb css=\u00bb.vc_custom_1611311329807{margin-top: 50px !important;margin-bottom: 50px !important;}\u00bb][vc_column][vc_text_separator title=\u00bbActividades\u00bb title_align=\u00bbseparator_align_left\u00bb border=\u00bbno\u00bb title_color=\u00bb#1e73be\u00bb background_color=\u00bb#ffffff\u00bb][\/vc_column][\/vc_row][vc_row css_animation=\u00bb\u00bb row_type=\u00bbrow\u00bb use_row_as_full_screen_section=\u00bbno\u00bb type=\u00bbgrid\u00bb&#8230;<\/p>\n","protected":false},"author":3,"featured_media":0,"parent":0,"menu_order":0,"comment_status":"closed","ping_status":"closed","template":"full_width.php","meta":[],"aioseo_notices":[],"_links":{"self":[{"href":"https:\/\/sardiniabioenergy.it\/es\/wp-json\/wp\/v2\/pages\/542"}],"collection":[{"href":"https:\/\/sardiniabioenergy.it\/es\/wp-json\/wp\/v2\/pages"}],"about":[{"href":"https:\/\/sardiniabioenergy.it\/es\/wp-json\/wp\/v2\/types\/page"}],"author":[{"embeddable":true,"href":"https:\/\/sardiniabioenergy.it\/es\/wp-json\/wp\/v2\/users\/3"}],"replies":[{"embeddable":true,"href":"https:\/\/sardiniabioenergy.it\/es\/wp-json\/wp\/v2\/comments?post=542"}],"version-history":[{"count":9,"href":"https:\/\/sardiniabioenergy.it\/es\/wp-json\/wp\/v2\/pages\/542\/revisions"}],"predecessor-version":[{"id":34241,"href":"https:\/\/sardiniabioenergy.it\/es\/wp-json\/wp\/v2\/pages\/542\/revisions\/34241"}],"wp:attachment":[{"href":"https:\/\/sardiniabioenergy.it\/es\/wp-json\/wp\/v2\/media?parent=542"}],"curies":[{"name":"wp","href":"https:\/\/api.w.org\/{rel}","templated":true}]}}