{"id":552,"date":"2021-01-22T16:05:37","date_gmt":"2021-01-22T15:05:37","guid":{"rendered":"https:\/\/sardiniabioenergy.it\/produzione-energia-elettrica\/"},"modified":"2021-09-09T17:11:44","modified_gmt":"2021-09-09T15:11:44","slug":"produzione-energia-elettrica","status":"publish","type":"page","link":"https:\/\/sardiniabioenergy.it\/es\/produzione-energia-elettrica\/","title":{"rendered":"Producci\u00f3n de Energ\u00eda El\u00e9ctrica"},"content":{"rendered":"<p>[vc_row css_animation=\u00bb\u00bb row_type=\u00bbrow\u00bb use_row_as_full_screen_section=\u00bbno\u00bb type=\u00bbfull_width\u00bb angled_section=\u00bbno\u00bb text_align=\u00bbcenter\u00bb background_image_as_pattern=\u00bbwithout_pattern\u00bb z_index=\u00bb\u00bb css=\u00bb.vc_custom_1611311150008{background-color: #dddddd !important;}\u00bb][vc_column][vc_single_image image=\u00bb187&#8243; img_size=\u00bbfull\u00bb alignment=\u00bbcenter\u00bb style=\u00bbvc_box_shadow_3d\u00bb qode_css_animation=\u00bb\u00bb css=\u00bb.vc_custom_1611570815472{margin-top: 20px !important;margin-bottom: 10px !important;}\u00bb][\/vc_column][\/vc_row][vc_row css_animation=\u00bb\u00bb row_type=\u00bbrow\u00bb use_row_as_full_screen_section=\u00bbno\u00bb type=\u00bbgrid\u00bb angled_section=\u00bbno\u00bb text_align=\u00bbleft\u00bb background_image_as_pattern=\u00bbwithout_pattern\u00bb z_index=\u00bb\u00bb css=\u00bb.vc_custom_1611401843385{margin-top: 50px !important;margin-bottom: 30px !important;}\u00bb][vc_column][vc_text_separator title=\u00bbProducci\u00f3n de Energ\u00eda El\u00e9ctrica\u00bb title_align=\u00bbseparator_align_left\u00bb border=\u00bbno\u00bb title_color=\u00bb#1e73be\u00bb background_color=\u00bb#ffffff\u00bb][\/vc_column][\/vc_row][vc_row css_animation=\u00bb\u00bb row_type=\u00bbrow\u00bb use_row_as_full_screen_section=\u00bbno\u00bb type=\u00bbgrid\u00bb angled_section=\u00bbno\u00bb text_align=\u00bbleft\u00bb background_image_as_pattern=\u00bbwithout_pattern\u00bb z_index=\u00bb\u00bb css=\u00bb.vc_custom_1631200151365{margin-bottom: 50px !important;}\u00bb][vc_column]<section class=\"elegant-tabs-container\">\n\t\t\t<div class=\"et-tabs et-vertical et-mobile-enabled et-tabs-style-bars tab-class-2595332268 et-align-left\"\n\t\t\tdata-tab_style=\"bars\"\n\t\t\tdata-active-bg=\"\"\n\t\t\tdata-active-text=\"\"\n\t\t\tdata-hover-bg=\"\"\n\t\t\tdata-hover-text=\"\"\n\t\t\tdata-active-tab=\"0\"\n\t\t\tdata-auto-switch-tab=\"no\"\n\t\t\tdata-switch-interval=\"5\"  >\n\t\t\t<nav class=\"elegant-tabs-nav\" style=\"\">\n\t\t\t<ul class=\"elegant-tabs-list-container\" style=\"color:;\">\n\t\t\t<li style=\"\" ><a class=\"et-anchor-tag\" style=\"\" href=\"#\" target=\"\" data-href=\"#section-1631199261646-3\"><span style=\"\" class=\"et-tab-title no-icon\">Descripci\u00f3n de la planta<\/span><\/a><\/li><li style=\"\" ><a class=\"et-anchor-tag\" style=\"\" href=\"#\" target=\"\" data-href=\"#section-1631199261707-7\"><span style=\"\" class=\"et-tab-title no-icon\">Caracter\u00edsticas principales<\/span><\/a><\/li><li style=\"\" ><a class=\"et-anchor-tag\" style=\"\" href=\"#\" target=\"\" data-href=\"#section-1631199418478-3-7\"><span style=\"\" class=\"et-tab-title no-icon\">Repercusi\u00f3n laboral<\/span><\/a><\/li>\n\t\t\t<\/ul>\n\t\t\t<\/nav>\n\t\t\t<div class=\"et-content-wrap\">\n\t\t\t<section id=\"section-1631199261646-3\" class=\"tab\" data-animation=\"\" style=\"background:; color:;\"><div class=\"infi-content-wrapper\">[vc_column_text]Sardinia Bio Energy comenz\u00f3 la construcci\u00f3n de la planta de producci\u00f3n de energ\u00eda el\u00e9ctrica de 13,3MWe de combusti\u00f3n de biomasa en enero de 2008 y finaliz\u00f3 las obras con el primer suministro de energ\u00eda el\u00e9ctrica producida en la red de distribuci\u00f3n en octubre de 2009. <strong>La planta se subdivide en las siguientes secciones principales:<\/strong><\/p>\n<ul>\n<li><em>\u00c1rea de gesti\u00f3n de la biomasa en entrada con recepci\u00f3n y almacenamiento en una superficie de 2,5 hect\u00e1reas.<\/em><\/li>\n<li><em>Secci\u00f3n de carga de la biomasa en la caldera constituida por un sistema con dos fosas de contenci\u00f3n con suelo m\u00f3vil \u201cmoving-floor\u201d con capacidad para mezclar la biomasa e enviarla por cadena de transporte tipo redler a la c\u00e1mara de combusti\u00f3n de la caldera.<\/em><\/li>\n<\/ul>\n<p>[\/vc_column_text]<\/div><\/section><section id=\"section-1631199261707-7\" class=\"tab\" data-animation=\"\" style=\"background:; color:;\"><div class=\"infi-content-wrapper\">[vc_column_text]<\/p>\n<ul>\n<li><em>Potencia el\u00e9ctrica nominal: 13,2 MWe<\/em><\/li>\n<li><em>Potencia t\u00e9rmica nominal de la caldera: 49,5 MWt<\/em><\/li>\n<li><em>Producci\u00f3n anual de energ\u00eda el\u00e9ctrica: aprox. 100.000 MWh<\/em><\/li>\n<li><em>Consumo anual nominal de combustible: 120.000-140.000 t\/a\u00f1o<\/em><\/li>\n<li><em>Poder calor\u00edfico combustible de referencia: 2.800 kcal\/kg<\/em><strong><br \/>\n<\/strong><\/li>\n<\/ul>\n<p>La planta de producci\u00f3n desarrolla su actividad en conformidad con lo establecido en el \u201cCap\u00edtulo 09 \u2013 Potencial energ\u00e9tico de la biomasa en Cerde\u00f1a\u201d en el Volumen II del Proyecto de plan energ\u00e9tico regional actualizado en el a\u00f1o 2002, el que localiza en el distrito de Medio Campidano una de las nueve cuencas de extracci\u00f3n de biomasa para el suministro de madera para usos energ\u00e9ticos.<\/p>\n<h4>Planta de producci\u00f3n<\/h4>\n<p>La planta ha sido dise\u00f1ada para garantizar al m\u00e1ximo el respeto del medio ambiente, limitando las emisiones y su correcta inserci\u00f3n en el contexto agr\u00edcola territorial presente en Medio Campidano.<br \/>\nEl funcionamiento de la planta prev\u00e9 un alto nivel de automatizaci\u00f3n y de centralizaci\u00f3n de todas las actividades previstas para las normales secuencias operativas que incluyen las puestas en marcha y las detenciones.<br \/>\nPor otro lado, las actividades inherentes a la recepci\u00f3n y gesti\u00f3n del parque combustible XX con almacenamiento de la biomasa en forma de astilla y troncos est\u00e1n directamente relacionadas con el funcionamiento de la planta[\/vc_column_text]<\/div><\/section><section id=\"section-1631199418478-3-7\" class=\"tab\" data-animation=\"\" style=\"background:; color:;\"><div class=\"infi-content-wrapper\">[vc_column_text]La repercusi\u00f3n laboral que genera el Grupo en el territorio de Cerde\u00f1a se puede cuantificar con un resultado total de aprox. 190 unidades de trabajo, de las cuales m\u00e1s de 40 de manera directa.<\/p>\n<p>El personal empleado en las diferentes obras forestales representa adem\u00e1s un permanente control del territorio como garant\u00eda de la limpieza del bosque y la limitaci\u00f3n de los da\u00f1os causados por eventos como incendios.[\/vc_column_text]<\/div><\/section>\n\t\t\t<\/div> <!-- \/et-content-wrap -->\n\t\t\t<\/div> <!-- \/et-tabs -->\n\t\t\t<\/section>[\/vc_column][\/vc_row][vc_row css_animation=\u00bb\u00bb row_type=\u00bbrow\u00bb use_row_as_full_screen_section=\u00bbno\u00bb type=\u00bbgrid\u00bb angled_section=\u00bbno\u00bb text_align=\u00bbleft\u00bb background_image_as_pattern=\u00bbwithout_pattern\u00bb z_index=\u00bb\u00bb][vc_column][vc_gallery type=\u00bbimage_grid\u00bb images=\u00bb191,194,197&#8243; img_size=\u00bbfull\u00bb column_number=\u00bb3&#8243; grayscale=\u00bbno\u00bb images_space=\u00bbgallery_with_space\u00bb][vc_empty_space height=\u00bb30px\u00bb][\/vc_column][\/vc_row]<\/p>\n","protected":false},"excerpt":{"rendered":"<p>[vc_row css_animation=\u00bb\u00bb row_type=\u00bbrow\u00bb use_row_as_full_screen_section=\u00bbno\u00bb type=\u00bbfull_width\u00bb angled_section=\u00bbno\u00bb text_align=\u00bbcenter\u00bb background_image_as_pattern=\u00bbwithout_pattern\u00bb z_index=\u00bb\u00bb css=\u00bb.vc_custom_1611311150008{background-color: #dddddd !important;}\u00bb][vc_column][vc_single_image image=\u00bb187&#8243; img_size=\u00bbfull\u00bb alignment=\u00bbcenter\u00bb style=\u00bbvc_box_shadow_3d\u00bb qode_css_animation=\u00bb\u00bb css=\u00bb.vc_custom_1611570815472{margin-top: 20px !important;margin-bottom: 10px !important;}\u00bb][\/vc_column][\/vc_row][vc_row css_animation=\u00bb\u00bb row_type=\u00bbrow\u00bb use_row_as_full_screen_section=\u00bbno\u00bb type=\u00bbgrid\u00bb angled_section=\u00bbno\u00bb text_align=\u00bbleft\u00bb background_image_as_pattern=\u00bbwithout_pattern\u00bb z_index=\u00bb\u00bb css=\u00bb.vc_custom_1611401843385{margin-top: 50px !important;margin-bottom: 30px !important;}\u00bb][vc_column][vc_text_separator title=\u00bbProducci\u00f3n de Energ\u00eda El\u00e9ctrica\u00bb title_align=\u00bbseparator_align_left\u00bb border=\u00bbno\u00bb title_color=\u00bb#1e73be\u00bb background_color=\u00bb#ffffff\u00bb][\/vc_column][\/vc_row][vc_row css_animation=\u00bb\u00bb row_type=\u00bbrow\u00bb&#8230;<\/p>\n","protected":false},"author":3,"featured_media":0,"parent":0,"menu_order":0,"comment_status":"closed","ping_status":"closed","template":"full_width.php","meta":[],"aioseo_notices":[],"_links":{"self":[{"href":"https:\/\/sardiniabioenergy.it\/es\/wp-json\/wp\/v2\/pages\/552"}],"collection":[{"href":"https:\/\/sardiniabioenergy.it\/es\/wp-json\/wp\/v2\/pages"}],"about":[{"href":"https:\/\/sardiniabioenergy.it\/es\/wp-json\/wp\/v2\/types\/page"}],"author":[{"embeddable":true,"href":"https:\/\/sardiniabioenergy.it\/es\/wp-json\/wp\/v2\/users\/3"}],"replies":[{"embeddable":true,"href":"https:\/\/sardiniabioenergy.it\/es\/wp-json\/wp\/v2\/comments?post=552"}],"version-history":[{"count":6,"href":"https:\/\/sardiniabioenergy.it\/es\/wp-json\/wp\/v2\/pages\/552\/revisions"}],"predecessor-version":[{"id":9877,"href":"https:\/\/sardiniabioenergy.it\/es\/wp-json\/wp\/v2\/pages\/552\/revisions\/9877"}],"wp:attachment":[{"href":"https:\/\/sardiniabioenergy.it\/es\/wp-json\/wp\/v2\/media?parent=552"}],"curies":[{"name":"wp","href":"https:\/\/api.w.org\/{rel}","templated":true}]}}