{"id":561,"date":"2021-01-22T16:05:53","date_gmt":"2021-01-22T15:05:53","guid":{"rendered":"https:\/\/sardiniabioenergy.it\/approvvigionamento\/"},"modified":"2021-03-23T17:19:18","modified_gmt":"2021-03-23T16:19:18","slug":"approvvigionamento","status":"publish","type":"page","link":"https:\/\/sardiniabioenergy.it\/es\/approvvigionamento\/","title":{"rendered":"Suministro"},"content":{"rendered":"<p>[vc_row css_animation=\u00bb\u00bb row_type=\u00bbrow\u00bb use_row_as_full_screen_section=\u00bbno\u00bb type=\u00bbfull_width\u00bb angled_section=\u00bbno\u00bb text_align=\u00bbcenter\u00bb background_image_as_pattern=\u00bbwithout_pattern\u00bb z_index=\u00bb\u00bb css=\u00bb.vc_custom_1611311150008{background-color: #dddddd !important;}\u00bb][vc_column][vc_single_image image=\u00bb264&#8243; img_size=\u00bbfull\u00bb alignment=\u00bbcenter\u00bb style=\u00bbvc_box_shadow_3d\u00bb qode_css_animation=\u00bb\u00bb css=\u00bb.vc_custom_1611589397083{margin-top: 20px !important;margin-bottom: 10px !important;}\u00bb][\/vc_column][\/vc_row][vc_row css_animation=\u00bb\u00bb row_type=\u00bbrow\u00bb use_row_as_full_screen_section=\u00bbno\u00bb type=\u00bbgrid\u00bb angled_section=\u00bbno\u00bb text_align=\u00bbleft\u00bb background_image_as_pattern=\u00bbwithout_pattern\u00bb z_index=\u00bb\u00bb css=\u00bb.vc_custom_1611311329807{margin-top: 50px !important;margin-bottom: 50px !important;}\u00bb][vc_column][vc_text_separator title=\u00bbSuministro\u00bb title_align=\u00bbseparator_align_left\u00bb border=\u00bbno\u00bb title_color=\u00bb#1e73be\u00bb background_color=\u00bb#ffffff\u00bb][\/vc_column][\/vc_row][vc_row css_animation=\u00bb\u00bb row_type=\u00bbrow\u00bb use_row_as_full_screen_section=\u00bbno\u00bb type=\u00bbgrid\u00bb angled_section=\u00bbno\u00bb text_align=\u00bbleft\u00bb background_image_as_pattern=\u00bbwithout_pattern\u00bb z_index=\u00bb\u00bb][vc_column width=\u00bb1\/3&#8243;][vc_single_image image=\u00bb208&#8243; img_size=\u00bbfull\u00bb alignment=\u00bbcenter\u00bb style=\u00bbvc_box_shadow_border\u00bb qode_css_animation=\u00bb\u00bb][vc_empty_space][\/vc_column][vc_column width=\u00bb2\/3&#8243;][vc_column_text]La sociedad lleva a cabo las actividades de suministro ya sea a trav\u00e9s de personal directo, como de un adecuado n\u00famero de proveedores locales <span class=\"VIiyi\" lang=\"es\"><span class=\"JLqJ4b ChMk0b\" data-language-for-alternatives=\"es\" data-language-to-translate-into=\"it\" data-phrase-index=\"0\">de la isla<\/span><\/span> y externos, con muchos a\u00f1os de experiencia en la gesti\u00f3n y suministro de biomasa.<\/p>\n<p>La producci\u00f3n del combustible local, adem\u00e1s de la recuperaci\u00f3n de la biomasa proveniente de las actividades de cultivo, ya sea de los bosques naturales como del cultivo de \u00e1rboles en general, proviene tambi\u00e9n de los usos de masas implantadas en el pasado para la extracci\u00f3n de la celulosa que, despu\u00e9s de llegar a la madurez, no tendr\u00edan alternativas de colocaci\u00f3n en el mercado local de la madera.[\/vc_column_text][vc_empty_space][\/vc_column][\/vc_row][vc_row css_animation=\u00bb\u00bb row_type=\u00bbrow\u00bb use_row_as_full_screen_section=\u00bbno\u00bb type=\u00bbgrid\u00bb angled_section=\u00bbno\u00bb text_align=\u00bbleft\u00bb background_image_as_pattern=\u00bbwithout_pattern\u00bb z_index=\u00bb\u00bb][vc_column][vc_column_text]Adem\u00e1s, se usan las instalaciones de forestaci\u00f3n en terrenos agr\u00edcolas como eucaliptos y especies transitorias (pinos mediterr\u00e1neos) de las instalaciones asociadas, lo que permite el desarrollo de las especies aut\u00f3ctonas definitivas (helechos y alcornoques). Los usos de este tipo est\u00e1n incentivando el desarrollo de una cadena de producci\u00f3n y el aumento de empresarios forestales locales que hasta hoy resultaba pr\u00e1cticamente inexistente.<\/p>\n<p>Para este tipo de intervenciones en las diferentes fases de trabajo, desde el corte, a la explotaci\u00f3n forestal y el astillado, se utilizan medios y maquinarias a la vanguardia que, adem\u00e1s de racionalizar la producci\u00f3n, permiten aumentar el est\u00e1ndar de calidad y de seguridad del ambiente laboral.<\/p>\n<p>&nbsp;<\/p>\n<p>Cuando los proveedores no est\u00e1n organizados directamente con medios id\u00f3neos para realizar el suministro, las actividades de transporte y log\u00edstica se realizan gracias a las compa\u00f1\u00edas especializadas que en el pasado invirtieron en el proyecto comprando las maquinarias m\u00e1s apropiadas para transportar biomasa de bajo peso volum\u00e9trico (en promedio aprox. 300 kg\/mc), es decir comprando medios con grandes capacidades volum\u00e9tricas (entre 80 y 100 metros c\u00fabicos) y dotados con sistemas especiales de descarga como los sistemas volcadores y rampas m\u00f3viles.<\/p>\n<p>Adem\u00e1s, el grupo se abastece en el extranjero comprando el orujo de aceituna con hueso y sin hueso, cultivos especializados, c\u00e1scaras de avellanas de Palma Africana (PKS \u2013 Palm Kernel Shell) y de almendra.[\/vc_column_text][vc_empty_space][\/vc_column][\/vc_row][vc_row css_animation=\u00bb\u00bb row_type=\u00bbrow\u00bb use_row_as_full_screen_section=\u00bbno\u00bb type=\u00bbgrid\u00bb angled_section=\u00bbno\u00bb text_align=\u00bbleft\u00bb background_image_as_pattern=\u00bbwithout_pattern\u00bb z_index=\u00bb\u00bb][vc_column][vc_gallery type=\u00bbimage_grid\u00bb images=\u00bb248,254,239,245,242,251&#8243; img_size=\u00bbfull\u00bb column_number=\u00bb3&#8243; grayscale=\u00bbno\u00bb images_space=\u00bbgallery_with_space\u00bb][vc_empty_space][\/vc_column][\/vc_row]<\/p>\n","protected":false},"excerpt":{"rendered":"<p>[vc_row css_animation=\u00bb\u00bb row_type=\u00bbrow\u00bb use_row_as_full_screen_section=\u00bbno\u00bb type=\u00bbfull_width\u00bb angled_section=\u00bbno\u00bb text_align=\u00bbcenter\u00bb background_image_as_pattern=\u00bbwithout_pattern\u00bb z_index=\u00bb\u00bb css=\u00bb.vc_custom_1611311150008{background-color: #dddddd !important;}\u00bb][vc_column][vc_single_image image=\u00bb264&#8243; img_size=\u00bbfull\u00bb alignment=\u00bbcenter\u00bb style=\u00bbvc_box_shadow_3d\u00bb qode_css_animation=\u00bb\u00bb css=\u00bb.vc_custom_1611589397083{margin-top: 20px !important;margin-bottom: 10px !important;}\u00bb][\/vc_column][\/vc_row][vc_row css_animation=\u00bb\u00bb row_type=\u00bbrow\u00bb use_row_as_full_screen_section=\u00bbno\u00bb type=\u00bbgrid\u00bb angled_section=\u00bbno\u00bb text_align=\u00bbleft\u00bb background_image_as_pattern=\u00bbwithout_pattern\u00bb z_index=\u00bb\u00bb css=\u00bb.vc_custom_1611311329807{margin-top: 50px !important;margin-bottom: 50px !important;}\u00bb][vc_column][vc_text_separator title=\u00bbSuministro\u00bb title_align=\u00bbseparator_align_left\u00bb border=\u00bbno\u00bb title_color=\u00bb#1e73be\u00bb background_color=\u00bb#ffffff\u00bb][\/vc_column][\/vc_row][vc_row css_animation=\u00bb\u00bb row_type=\u00bbrow\u00bb use_row_as_full_screen_section=\u00bbno\u00bb type=\u00bbgrid\u00bb angled_section=\u00bbno\u00bb&#8230;<\/p>\n","protected":false},"author":3,"featured_media":0,"parent":0,"menu_order":0,"comment_status":"closed","ping_status":"closed","template":"full_width.php","meta":[],"aioseo_notices":[],"_links":{"self":[{"href":"https:\/\/sardiniabioenergy.it\/es\/wp-json\/wp\/v2\/pages\/561"}],"collection":[{"href":"https:\/\/sardiniabioenergy.it\/es\/wp-json\/wp\/v2\/pages"}],"about":[{"href":"https:\/\/sardiniabioenergy.it\/es\/wp-json\/wp\/v2\/types\/page"}],"author":[{"embeddable":true,"href":"https:\/\/sardiniabioenergy.it\/es\/wp-json\/wp\/v2\/users\/3"}],"replies":[{"embeddable":true,"href":"https:\/\/sardiniabioenergy.it\/es\/wp-json\/wp\/v2\/comments?post=561"}],"version-history":[{"count":4,"href":"https:\/\/sardiniabioenergy.it\/es\/wp-json\/wp\/v2\/pages\/561\/revisions"}],"predecessor-version":[{"id":564,"href":"https:\/\/sardiniabioenergy.it\/es\/wp-json\/wp\/v2\/pages\/561\/revisions\/564"}],"wp:attachment":[{"href":"https:\/\/sardiniabioenergy.it\/es\/wp-json\/wp\/v2\/media?parent=561"}],"curies":[{"name":"wp","href":"https:\/\/api.w.org\/{rel}","templated":true}]}}