{"id":580,"date":"2021-01-22T16:06:50","date_gmt":"2021-01-22T15:06:50","guid":{"rendered":"https:\/\/sardiniabioenergy.it\/biogas\/"},"modified":"2023-05-02T19:03:05","modified_gmt":"2023-05-02T17:03:05","slug":"fotovoltaico","status":"publish","type":"page","link":"https:\/\/sardiniabioenergy.it\/es\/fotovoltaico\/","title":{"rendered":"Fotovoltaica"},"content":{"rendered":"<p>[vc_row css_animation=\u00bb\u00bb row_type=\u00bbrow\u00bb use_row_as_full_screen_section=\u00bbno\u00bb type=\u00bbfull_width\u00bb angled_section=\u00bbno\u00bb text_align=\u00bbcenter\u00bb background_image_as_pattern=\u00bbwithout_pattern\u00bb z_index=\u00bb\u00bb css=\u00bb.vc_custom_1613291530714{background-color: #dddddd !important;}\u00bb el_id=\u00bbheadpags\u00bb][vc_column][vc_single_image image=\u00bb34188&#8243; img_size=\u00bbfull\u00bb alignment=\u00bbcenter\u00bb style=\u00bbvc_box_shadow_3d\u00bb qode_css_animation=\u00bb\u00bb css=\u00bb.vc_custom_1669738252044{margin-top: 20px !important;margin-bottom: 10px !important;}\u00bb][\/vc_column][\/vc_row][vc_row css_animation=\u00bb\u00bb row_type=\u00bbrow\u00bb use_row_as_full_screen_section=\u00bbno\u00bb type=\u00bbgrid\u00bb angled_section=\u00bbno\u00bb text_align=\u00bbleft\u00bb background_image_as_pattern=\u00bbwithout_pattern\u00bb z_index=\u00bb\u00bb css=\u00bb.vc_custom_1611311329807{margin-top: 50px !important;margin-bottom: 50px !important;}\u00bb][vc_column][vc_text_separator title=\u00bbFotovoltaica\u00bb title_align=\u00bbseparator_align_left\u00bb border=\u00bbno\u00bb title_color=\u00bb#1e73be\u00bb background_color=\u00bb#ffffff\u00bb][\/vc_column][\/vc_row][vc_row css_animation=\u00bb\u00bb row_type=\u00bbrow\u00bb use_row_as_full_screen_section=\u00bbno\u00bb type=\u00bbgrid\u00bb angled_section=\u00bbno\u00bb text_align=\u00bbleft\u00bb background_image_as_pattern=\u00bbwithout_pattern\u00bb z_index=\u00bb\u00bb][vc_column width=\u00bb1\/3&#8243;][vc_single_image image=\u00bb34191&#8243; img_size=\u00bbfull\u00bb alignment=\u00bbcenter\u00bb style=\u00bbvc_box_shadow_border\u00bb qode_css_animation=\u00bb\u00bb][vc_empty_space][\/vc_column][vc_column width=\u00bb2\/3&#8243;][vc_column_text]<span class=\"HwtZe\" lang=\"es\"><span class=\"jCAhz\"><span class=\"ryNqvb\">Desde 2019, el Grupo, con la divisi\u00f3n de Energ\u00eda Solar de Cerde\u00f1a, ha iniciado la actividad de desarrollo de plantas para la producci\u00f3n de energ\u00eda el\u00e9ctrica a partir de fuentes solares ubicadas en el territorio de la Regi\u00f3n de Cerde\u00f1a con el fin de obtener autorizaciones para la construcci\u00f3n y operaci\u00f3n de las plantas en pregunta Desde el punto de vista de la radiaci\u00f3n solar, la regi\u00f3n de Cerde\u00f1a representa una de las regiones con las \u00e1reas con mayor coeficiente de eficiencia energ\u00e9tica para plantas solares (1.400-1.500 KW\/KWp). <\/span><\/span><\/span><\/p>\n<p><span class=\"HwtZe\" lang=\"es\"><span class=\"jCAhz\"><span class=\"ryNqvb\">En 2021, el Grupo obtuvo la autorizaci\u00f3n del primer proyecto de una potencia instalada de 45 MWp. Hasta la fecha, la cartera de proyectos en espera de autorizaci\u00f3n se estima en alrededor de 104 MWp para una producci\u00f3n anual total esperada cuando est\u00e9 en pleno funcionamiento de 156 GWh correspondiente a un ahorro de CO2 de 81.000 toneladas\/a\u00f1o. <\/span><\/span><\/span><\/p>\n<p><span class=\"HwtZe\" lang=\"es\"><span class=\"jCAhz\"><span class=\"ryNqvb\">El Grupo ha reforzado recientemente su plantilla con profesionales de probada experiencia en el desarrollo de plantas RES, EPC (ingenier\u00eda\/adquisiciones\/construcci\u00f3n) y en la b\u00fasqueda de fuentes de financiaci\u00f3n adecuadas para asegurar la ejecuci\u00f3n del plan de inversiones. <\/span><\/span><\/span><\/p>\n<p><span class=\"HwtZe\" lang=\"es\"><span class=\"jCAhz\"><span class=\"ryNqvb\">La entrada en funcionamiento de la primera planta de energ\u00eda solar est\u00e1 prevista para finales de 2023.<\/span><\/span><\/span><\/p>\n<p><strong>M\u00e1s informaci\u00f3n: <a href=\"https:\/\/futuragroup.it\/\" target=\"_blank\" rel=\"noopener\">Futura Group<\/a><\/strong>[\/vc_column_text][vc_empty_space height=\u00bb80px\u00bb][\/vc_column][\/vc_row]<\/p>\n","protected":false},"excerpt":{"rendered":"<p>[vc_row css_animation=\u00bb\u00bb row_type=\u00bbrow\u00bb use_row_as_full_screen_section=\u00bbno\u00bb type=\u00bbfull_width\u00bb angled_section=\u00bbno\u00bb text_align=\u00bbcenter\u00bb background_image_as_pattern=\u00bbwithout_pattern\u00bb z_index=\u00bb\u00bb css=\u00bb.vc_custom_1613291530714{background-color: #dddddd !important;}\u00bb el_id=\u00bbheadpags\u00bb][vc_column][vc_single_image image=\u00bb34188&#8243; img_size=\u00bbfull\u00bb alignment=\u00bbcenter\u00bb style=\u00bbvc_box_shadow_3d\u00bb qode_css_animation=\u00bb\u00bb css=\u00bb.vc_custom_1669738252044{margin-top: 20px !important;margin-bottom: 10px !important;}\u00bb][\/vc_column][\/vc_row][vc_row css_animation=\u00bb\u00bb row_type=\u00bbrow\u00bb use_row_as_full_screen_section=\u00bbno\u00bb type=\u00bbgrid\u00bb angled_section=\u00bbno\u00bb text_align=\u00bbleft\u00bb background_image_as_pattern=\u00bbwithout_pattern\u00bb z_index=\u00bb\u00bb css=\u00bb.vc_custom_1611311329807{margin-top: 50px !important;margin-bottom: 50px !important;}\u00bb][vc_column][vc_text_separator title=\u00bbFotovoltaica\u00bb title_align=\u00bbseparator_align_left\u00bb border=\u00bbno\u00bb title_color=\u00bb#1e73be\u00bb background_color=\u00bb#ffffff\u00bb][\/vc_column][\/vc_row][vc_row css_animation=\u00bb\u00bb row_type=\u00bbrow\u00bb use_row_as_full_screen_section=\u00bbno\u00bb type=\u00bbgrid\u00bb&#8230;<\/p>\n","protected":false},"author":3,"featured_media":0,"parent":0,"menu_order":0,"comment_status":"closed","ping_status":"closed","template":"full_width.php","meta":[],"aioseo_notices":[],"_links":{"self":[{"href":"https:\/\/sardiniabioenergy.it\/es\/wp-json\/wp\/v2\/pages\/580"}],"collection":[{"href":"https:\/\/sardiniabioenergy.it\/es\/wp-json\/wp\/v2\/pages"}],"about":[{"href":"https:\/\/sardiniabioenergy.it\/es\/wp-json\/wp\/v2\/types\/page"}],"author":[{"embeddable":true,"href":"https:\/\/sardiniabioenergy.it\/es\/wp-json\/wp\/v2\/users\/3"}],"replies":[{"embeddable":true,"href":"https:\/\/sardiniabioenergy.it\/es\/wp-json\/wp\/v2\/comments?post=580"}],"version-history":[{"count":7,"href":"https:\/\/sardiniabioenergy.it\/es\/wp-json\/wp\/v2\/pages\/580\/revisions"}],"predecessor-version":[{"id":39171,"href":"https:\/\/sardiniabioenergy.it\/es\/wp-json\/wp\/v2\/pages\/580\/revisions\/39171"}],"wp:attachment":[{"href":"https:\/\/sardiniabioenergy.it\/es\/wp-json\/wp\/v2\/media?parent=580"}],"curies":[{"name":"wp","href":"https:\/\/api.w.org\/{rel}","templated":true}]}}