{"id":586,"date":"2021-01-15T16:02:39","date_gmt":"2021-01-15T15:02:39","guid":{"rendered":"https:\/\/sardiniabioenergy.it\/responsabilita\/"},"modified":"2022-10-24T10:47:37","modified_gmt":"2022-10-24T08:47:37","slug":"responsabilita","status":"publish","type":"page","link":"https:\/\/sardiniabioenergy.it\/es\/responsabilita\/","title":{"rendered":"Sostenibilidad"},"content":{"rendered":"<p>[vc_row css_animation=\u00bb\u00bb row_type=\u00bbrow\u00bb use_row_as_full_screen_section=\u00bbno\u00bb type=\u00bbfull_width\u00bb angled_section=\u00bbno\u00bb text_align=\u00bbcenter\u00bb background_image_as_pattern=\u00bbwithout_pattern\u00bb z_index=\u00bb\u00bb css=\u00bb.vc_custom_1613293006669{background-color: #dddddd !important;}\u00bb el_id=\u00bbheadpags\u00bb][vc_column][vc_single_image image=\u00bb103&#8243; img_size=\u00bbfull\u00bb alignment=\u00bbcenter\u00bb style=\u00bbvc_box_shadow_3d\u00bb qode_css_animation=\u00bb\u00bb css=\u00bb.vc_custom_1611319698052{margin-top: 20px !important;margin-bottom: 10px !important;}\u00bb][\/vc_column][\/vc_row][vc_row css_animation=\u00bb\u00bb row_type=\u00bbrow\u00bb use_row_as_full_screen_section=\u00bbno\u00bb type=\u00bbgrid\u00bb angled_section=\u00bbno\u00bb text_align=\u00bbleft\u00bb background_image_as_pattern=\u00bbwithout_pattern\u00bb z_index=\u00bb\u00bb css=\u00bb.vc_custom_1611591366914{margin-top: 50px !important;}\u00bb][vc_column][vc_text_separator title=\u00bbSostenibilidad\u00bb title_align=\u00bbseparator_align_left\u00bb border=\u00bbno\u00bb title_color=\u00bb#1e73be\u00bb background_color=\u00bb#ffffff\u00bb][\/vc_column][\/vc_row][vc_row css_animation=\u00bb\u00bb row_type=\u00bbrow\u00bb use_row_as_full_screen_section=\u00bbno\u00bb type=\u00bbgrid\u00bb angled_section=\u00bbno\u00bb text_align=\u00bbleft\u00bb background_image_as_pattern=\u00bbwithout_pattern\u00bb z_index=\u00bb\u00bb][vc_column][vc_column_text css=\u00bb.vc_custom_1613321193600{margin-top: 30px !important;margin-bottom: 30px !important;border-bottom-width: 3px !important;padding-top: 30px !important;padding-right: 50px !important;padding-bottom: 30px !important;padding-left: 50px !important;background-color: #dddddd !important;border-bottom-color: #1e73be !important;border-bottom-style: solid !important;}\u00bb]<\/p>\n<h6>\u00abPara nosotros, la sostenibilidad es un modo global y responsable de organizar nuestra actividad, que conjuga responsabilidad econ\u00f3mica, ecol\u00f3gica y social\u00bb<\/h6>\n<p>[\/vc_column_text][\/vc_column][\/vc_row][vc_row css_animation=\u00bb\u00bb row_type=\u00bbrow\u00bb use_row_as_full_screen_section=\u00bbno\u00bb type=\u00bbgrid\u00bb angled_section=\u00bbno\u00bb text_align=\u00bbleft\u00bb background_image_as_pattern=\u00bbwithout_pattern\u00bb z_index=\u00bb\u00bb][vc_column width=\u00bb1\/3&#8243;][vc_single_image image=\u00bb296&#8243; img_size=\u00bbfull\u00bb alignment=\u00bbcenter\u00bb style=\u00bbvc_box_shadow_border\u00bb qode_css_animation=\u00bb\u00bb][vc_empty_space height=\u00bb20px\u00bb][vc_column_text]<\/p>\n<h3>Fuentes Renovables<\/h3>\n<p>&nbsp;<\/p>\n<p>Dichas fuentes son las astillas de madera, constituidas por material vegetal virgen con una vasta gama de proveniencia y con las caracter\u00edsticas establecidas por \u00faltimas normativas vigentes, como por ejemplo la recuperaci\u00f3n silvicultural, las astillas de uso forestal, el mantenimiento de la vegetaci\u00f3n en el sector rural, el mantenimiento de las franjas cortafuego, como as\u00ed tambi\u00e9n la recuperaci\u00f3n de la naturaleza agroindustrial como el bagazo, el almacenamiento de alcachofa, la poda de olivicultura, el orujo de aceitunas sin hueso y con hueso, c\u00e1scara de avellana de Palma Africana (PKS -Palm Kernel Shell) y de almendra y cultivos especializados.[\/vc_column_text][vc_empty_space height=\u00bb40px\u00bb][\/vc_column][vc_column width=\u00bb1\/3&#8243;][vc_column_text]<\/p>\n<div id=\"fancy\"><a href=\"https:\/\/sardiniabioenergy.it\/wp-content\/uploads\/2021\/01\/certificato_2019-small.jpg\"><img loading=\"lazy\" class=\"alignnone wp-image-299 size-full\" src=\"https:\/\/sardiniabioenergy.it\/wp-content\/uploads\/2021\/01\/loghi-sgs-accredia.jpg\" alt=\"\" width=\"900\" height=\"348\" srcset=\"https:\/\/sardiniabioenergy.it\/wp-content\/uploads\/2021\/01\/loghi-sgs-accredia.jpg 900w, https:\/\/sardiniabioenergy.it\/wp-content\/uploads\/2021\/01\/loghi-sgs-accredia-300x116.jpg 300w, https:\/\/sardiniabioenergy.it\/wp-content\/uploads\/2021\/01\/loghi-sgs-accredia-768x297.jpg 768w, https:\/\/sardiniabioenergy.it\/wp-content\/uploads\/2021\/01\/loghi-sgs-accredia-700x271.jpg 700w\" sizes=\"(max-width: 900px) 100vw, 900px\" \/><\/a><\/div>\n<p>[\/vc_column_text][vc_empty_space height=\u00bb20px\u00bb][vc_column_text]<\/p>\n<h3>Sustenibilidad y Certificaci\u00f2n<\/h3>\n<p>&nbsp;<\/p>\n<p>Las fuentes renovables son recursos para la producci\u00f3n de energ\u00eda generada por fuentes no agotables. Debido a que dichos recursos se regeneran, su uso no perjudica los recursos naturales futuros. La sostenibilidad de esta planta se basa justamente en el hecho de que la biomasa s\u00f3lida es una fuente renovable.<\/p>\n<p>Serramanna Energia S.p.A. ha conseguido una certificaci\u00f2n de calidad en acuerdo a la norma UNI EN ISO 9001:2008<\/p>\n<p>&nbsp;<\/p>\n<p><a href=\"https:\/\/sardiniabioenergy.it\/download\/ITCE_000423_GenericCertificate_Final.pdf\" target=\"_blank\" rel=\"noopener\">Certificato IT19_0423<\/a>[\/vc_column_text][vc_empty_space height=\u00bb40px\u00bb][\/vc_column][vc_column width=\u00bb1\/3&#8243;][vc_single_image image=\u00bb302&#8243; img_size=\u00bbfull\u00bb alignment=\u00bbcenter\u00bb style=\u00bbvc_box_shadow_border\u00bb qode_css_animation=\u00bb\u00bb][vc_empty_space height=\u00bb20px\u00bb][vc_column_text]<\/p>\n<h3>Modelo de Gesti\u00f2n y Organizaci\u00f2n seg\u00f9n la ley italiana d.lgs n.231\/2001<\/h3>\n<p>&nbsp;<\/p>\n<p>Mira el modelo 231 &gt; <a href=\"https:\/\/sardiniabioenergy.it\/wp-content\/uploads\/2021\/02\/Parte-Generale_2020_FINAL.pdf\" target=\"_blank\" rel=\"noopener\">Parte Generale_2020<\/a><\/p>\n<p>&nbsp;<\/p>\n<p>Mira el &gt; <a href=\"https:\/\/sardiniabioenergy.it\/wp-content\/uploads\/2021\/02\/Codice_Etico.pdf\" target=\"_blank\" rel=\"noopener\">C\u00f3digo de \u00c9tica<\/a>[\/vc_column_text][vc_empty_space height=\u00bb40px\u00bb][\/vc_column][\/vc_row]<\/p>\n","protected":false},"excerpt":{"rendered":"<p>[vc_row css_animation=\u00bb\u00bb row_type=\u00bbrow\u00bb use_row_as_full_screen_section=\u00bbno\u00bb type=\u00bbfull_width\u00bb angled_section=\u00bbno\u00bb text_align=\u00bbcenter\u00bb background_image_as_pattern=\u00bbwithout_pattern\u00bb z_index=\u00bb\u00bb css=\u00bb.vc_custom_1613293006669{background-color: #dddddd !important;}\u00bb el_id=\u00bbheadpags\u00bb][vc_column][vc_single_image image=\u00bb103&#8243; img_size=\u00bbfull\u00bb alignment=\u00bbcenter\u00bb style=\u00bbvc_box_shadow_3d\u00bb qode_css_animation=\u00bb\u00bb css=\u00bb.vc_custom_1611319698052{margin-top: 20px !important;margin-bottom: 10px !important;}\u00bb][\/vc_column][\/vc_row][vc_row css_animation=\u00bb\u00bb row_type=\u00bbrow\u00bb use_row_as_full_screen_section=\u00bbno\u00bb type=\u00bbgrid\u00bb angled_section=\u00bbno\u00bb text_align=\u00bbleft\u00bb background_image_as_pattern=\u00bbwithout_pattern\u00bb z_index=\u00bb\u00bb css=\u00bb.vc_custom_1611591366914{margin-top: 50px !important;}\u00bb][vc_column][vc_text_separator title=\u00bbSostenibilidad\u00bb title_align=\u00bbseparator_align_left\u00bb border=\u00bbno\u00bb title_color=\u00bb#1e73be\u00bb background_color=\u00bb#ffffff\u00bb][\/vc_column][\/vc_row][vc_row css_animation=\u00bb\u00bb row_type=\u00bbrow\u00bb use_row_as_full_screen_section=\u00bbno\u00bb type=\u00bbgrid\u00bb angled_section=\u00bbno\u00bb text_align=\u00bbleft\u00bb&#8230;<\/p>\n","protected":false},"author":3,"featured_media":0,"parent":0,"menu_order":0,"comment_status":"closed","ping_status":"closed","template":"full_width.php","meta":[],"aioseo_notices":[],"_links":{"self":[{"href":"https:\/\/sardiniabioenergy.it\/es\/wp-json\/wp\/v2\/pages\/586"}],"collection":[{"href":"https:\/\/sardiniabioenergy.it\/es\/wp-json\/wp\/v2\/pages"}],"about":[{"href":"https:\/\/sardiniabioenergy.it\/es\/wp-json\/wp\/v2\/types\/page"}],"author":[{"embeddable":true,"href":"https:\/\/sardiniabioenergy.it\/es\/wp-json\/wp\/v2\/users\/3"}],"replies":[{"embeddable":true,"href":"https:\/\/sardiniabioenergy.it\/es\/wp-json\/wp\/v2\/comments?post=586"}],"version-history":[{"count":9,"href":"https:\/\/sardiniabioenergy.it\/es\/wp-json\/wp\/v2\/pages\/586\/revisions"}],"predecessor-version":[{"id":32523,"href":"https:\/\/sardiniabioenergy.it\/es\/wp-json\/wp\/v2\/pages\/586\/revisions\/32523"}],"wp:attachment":[{"href":"https:\/\/sardiniabioenergy.it\/es\/wp-json\/wp\/v2\/media?parent=586"}],"curies":[{"name":"wp","href":"https:\/\/api.w.org\/{rel}","templated":true}]}}