{"id":750,"date":"2021-02-12T18:57:27","date_gmt":"2021-02-12T17:57:27","guid":{"rendered":"https:\/\/sardiniabioenergy.it\/economia-circolare\/"},"modified":"2021-03-23T17:23:36","modified_gmt":"2021-03-23T16:23:36","slug":"economia-circolare","status":"publish","type":"page","link":"https:\/\/sardiniabioenergy.it\/es\/economia-circolare\/","title":{"rendered":"Econom\u00eda Circular"},"content":{"rendered":"<p>[vc_row css_animation=\u00bb\u00bb row_type=\u00bbrow\u00bb use_row_as_full_screen_section=\u00bbno\u00bb type=\u00bbfull_width\u00bb angled_section=\u00bbno\u00bb text_align=\u00bbcenter\u00bb background_image_as_pattern=\u00bbwithout_pattern\u00bb z_index=\u00bb\u00bb css=\u00bb.vc_custom_1613291408646{background-color: #dddddd !important;}\u00bb el_id=\u00bbheadpags\u00bb][vc_column][vc_single_image image=\u00bb260&#8243; img_size=\u00bbfull\u00bb alignment=\u00bbcenter\u00bb style=\u00bbvc_box_shadow_3d\u00bb qode_css_animation=\u00bb\u00bb css=\u00bb.vc_custom_1611589186507{margin-top: 20px !important;margin-bottom: 10px !important;}\u00bb][\/vc_column][\/vc_row][vc_row css_animation=\u00bb\u00bb row_type=\u00bbrow\u00bb use_row_as_full_screen_section=\u00bbno\u00bb type=\u00bbgrid\u00bb angled_section=\u00bbno\u00bb text_align=\u00bbleft\u00bb background_image_as_pattern=\u00bbwithout_pattern\u00bb z_index=\u00bb\u00bb css=\u00bb.vc_custom_1611311329807{margin-top: 50px !important;margin-bottom: 50px !important;}\u00bb][vc_column][vc_text_separator title=\u00bbEconom\u00eda Circular\u00bb title_align=\u00bbseparator_align_left\u00bb border=\u00bbno\u00bb title_color=\u00bb#1e73be\u00bb background_color=\u00bb#ffffff\u00bb][vc_empty_space][vc_column_text]<strong>El Grupo siempre ha estado activo en la puesta en valor de sus productos terminados y semiacabados, y es consciente de que \u201cnada se destruye y todo se transforma\u201d. Con esta filosof\u00eda se ha comenzado a potenciar la producci\u00f3n de diferentes materiales que se pueden utilizar en los sectores m\u00e1s dispares.<\/strong>[\/vc_column_text][\/vc_column][\/vc_row][vc_row css_animation=\u00bb\u00bb row_type=\u00bbrow\u00bb use_row_as_full_screen_section=\u00bbno\u00bb type=\u00bbgrid\u00bb angled_section=\u00bbno\u00bb text_align=\u00bbleft\u00bb background_image_as_pattern=\u00bbwithout_pattern\u00bb z_index=\u00bb\u00bb][vc_column width=\u00bb1\/3&#8243;][vc_single_image image=\u00bb223&#8243; img_size=\u00bbfull\u00bb alignment=\u00bbcenter\u00bb style=\u00bbvc_box_shadow_border\u00bb qode_css_animation=\u00bb\u00bb][vc_empty_space][\/vc_column][vc_column width=\u00bb2\/3&#8243;][vc_column_text]<\/p>\n<h4><strong>Nuevos Cultivos Agroenerg\u00e9ticos<\/strong><\/h4>\n<p>&nbsp;<\/p>\n<p>En el a\u00f1o 2010, despu\u00e9s de numerosos estudios realizados en el Norte de Europa y despu\u00e9s de haber confirmado el alto potencial de los cultivos agroenerg\u00e9ticos, el Grupo decide constituir para tal fin una sociedad agr\u00edcola, Agriwatt, en colaboraci\u00f3n con el Grupo SAIF\/Enviro, con el objetivo de experimentar el cultivo h\u00edbrido est\u00e9ril de Miscanthus Giganteus, que deriva del h\u00edbrido de Miscanthus Sinensis y Miscanthus Sacchariflorus.<\/p>\n<p>&nbsp;<\/p>\n<p>Los primeros resultados, motivaron al Grupo a continuar de manera aut\u00f3noma, a trav\u00e9s de la filial Sardinia Bio Energy, con plantaciones ulteriores y en el a\u00f1o 2011 se consider\u00f3 la idea de una inversi\u00f3n adicional en el cultivo, logrando que la actual plantaci\u00f3n de Miscanto sea una de las m\u00e1s importantes en el \u00e1rea mediterr\u00e1nea.[\/vc_column_text][vc_empty_space][\/vc_column][\/vc_row][vc_row css_animation=\u00bb\u00bb row_type=\u00bbrow\u00bb use_row_as_full_screen_section=\u00bbno\u00bb type=\u00bbgrid\u00bb angled_section=\u00bbno\u00bb text_align=\u00bbleft\u00bb background_image_as_pattern=\u00bbwithout_pattern\u00bb z_index=\u00bb\u00bb][vc_column][vc_column_text]Los a\u00f1os de experimentaci\u00f3n, adem\u00e1s de crear un importante know-how contribuyen a identificar a los mejores colaboradores mundiales para el desarrollo del proyecto.<\/p>\n<p>&nbsp;<\/p>\n<p>Nuestros colaboradores poseen una experiencia de m\u00e1s de veinte a\u00f1os en el campo agroenerg\u00e9tico en Norte\/Centro Am\u00e9rica y en el Norte de Europa, y cuentan con importantes multinacionales energ\u00e9ticas entre sus clientes, como as\u00ed tambi\u00e9n miles de hect\u00e1reas de plantaciones en el mundo. Nuestros colaboradores, despu\u00e9s de haber analizado en el mundo y clasificado durante a\u00f1os m\u00e1s de 3.000 tipos diferentes de Miscanto, han llegado a identificar los mejores h\u00edbridos, entre estos, se encuentran los que mejor se adaptan a las regiones clim\u00e1ticas del \u00e1rea mediterr\u00e1nea en t\u00e9rminos de aporte h\u00eddrico y rendimiento por hect\u00e1rea, como as\u00ed tambi\u00e9n resistencia a los par\u00e1sitos externos.<\/p>\n<p>&nbsp;<\/p>\n<p>La compa\u00f1\u00eda comenz\u00f3 en 2013 un vivero para la producci\u00f3n y comercializaci\u00f3n de los rizomas de Miscanthus giganteus seleccionados. Las superficies llegan a 16 hect\u00e1reas y permiten que cada a\u00f1o para obtener un n\u00famero de rizomas \u00fatiles para plantar m\u00e1s de 250 hect\u00e1reas \/ a\u00f1o. <span class=\"VIiyi\" lang=\"es\"><span class=\"JLqJ4b ChMk0b\" data-language-for-alternatives=\"es\" data-language-to-translate-into=\"it\" data-phrase-index=\"0\">Los cultivos se realizan exclusivamente en tierras marginales y no aptas para cultivos alimentarios.<\/span><\/span> Estos rizomas son utilizados por el Grupo para la siembra de nuevas \u00e1reas en Cerde\u00f1a pero tambi\u00e9n est\u00e1n a la venta con entregas en toda Italia y Europa.[\/vc_column_text][vc_empty_space][\/vc_column][\/vc_row][vc_row css_animation=\u00bb\u00bb row_type=\u00bbrow\u00bb use_row_as_full_screen_section=\u00bbno\u00bb type=\u00bbgrid\u00bb angled_section=\u00bbno\u00bb text_align=\u00bbleft\u00bb background_image_as_pattern=\u00bbwithout_pattern\u00bb z_index=\u00bb\u00bb][vc_column][vc_gallery type=\u00bbimage_grid\u00bb images=\u00bb236,211,217&#8243; img_size=\u00bbfull\u00bb column_number=\u00bb3&#8243; grayscale=\u00bbno\u00bb images_space=\u00bbgallery_with_space\u00bb][\/vc_column][\/vc_row][vc_row css_animation=\u00bb\u00bb row_type=\u00bbrow\u00bb use_row_as_full_screen_section=\u00bbno\u00bb type=\u00bbgrid\u00bb angled_section=\u00bbno\u00bb text_align=\u00bbleft\u00bb background_image_as_pattern=\u00bbwithout_pattern\u00bb z_index=\u00bb\u00bb][vc_column][vc_separator type=\u00bbnormal\u00bb thickness=\u00bb3&#8243;][vc_empty_space][vc_column_text]<\/p>\n<h4><strong>Fertilizantes y sustratos<\/strong><\/h4>\n<p>&nbsp;<\/p>\n<p>A lo largo de los a\u00f1os, las empresas del Grupo, fortalecidas por la investigaci\u00f3n y el desarrollo constante, han desarrollado una amplia gama de sustratos de cultivo mixto permitidos en agricultura ecol\u00f3gica, as\u00ed como estudiado y registrado seg\u00fan la reciente normativa de la UE un nuevo fertilizante permitido en agricultura ecol\u00f3gica con Amplia eficacia en t\u00e9rminos de NPK sin a\u00f1adir residuos animales.[\/vc_column_text][vc_empty_space][\/vc_column][\/vc_row][vc_row css_animation=\u00bb\u00bb row_type=\u00bbrow\u00bb use_row_as_full_screen_section=\u00bbno\u00bb type=\u00bbgrid\u00bb angled_section=\u00bbno\u00bb text_align=\u00bbleft\u00bb background_image_as_pattern=\u00bbwithout_pattern\u00bb z_index=\u00bb\u00bb][vc_column width=\u00bb1\/2&#8243;][vc_row_inner row_type=\u00bbrow\u00bb type=\u00bbfull_width\u00bb text_align=\u00bbleft\u00bb css_animation=\u00bb\u00bb][vc_column_inner width=\u00bb1\/2&#8243;][vc_single_image image=\u00bb870&#8243; img_size=\u00bbfull\u00bb qode_css_animation=\u00bb\u00bb css=\u00bb.vc_custom_1613317154345{margin-bottom: 10px !important;}\u00bb][\/vc_column_inner][vc_column_inner width=\u00bb1\/2&#8243;][vc_single_image image=\u00bb867&#8243; img_size=\u00bbfull\u00bb qode_css_animation=\u00bb\u00bb css=\u00bb.vc_custom_1613317158873{margin-bottom: 10px !important;}\u00bb][\/vc_column_inner][\/vc_row_inner][vc_empty_space][vc_column_text]<a href=\"https:\/\/sardiniabioenergy.it\/download\/Biofilter2030-Brochure(V2).pdf\" target=\"_blank\" rel=\"noopener\"><img loading=\"lazy\" class=\"alignnone size-full wp-image-908\" src=\"https:\/\/sardiniabioenergy.it\/wp-content\/uploads\/2021\/02\/free-pdf-download-icon-2617-thumb.png\" alt=\"\" width=\"38\" height=\"50\" \/> Biofilter2030-Brochure<\/a>[\/vc_column_text][vc_empty_space][\/vc_column][vc_column width=\u00bb1\/2&#8243;][vc_column_text]<\/p>\n<h4><strong>Filtros olorosos<\/strong><\/h4>\n<p>&nbsp;<\/p>\n<p>Con el desarrollo de la recogida selectiva de residuos, nacen m\u00faltiples centros de compostaje en la isla y para mejorar el rendimiento olfativo de estas plantas hemos desarrollado el Biofilter2030. Este filtro est\u00e1 compuesto por filtrado de biomasa le\u00f1osa virgen y se utiliza para la instalaci\u00f3n y relleno de biofiltros para el tratamiento de residuos. Con el Biofilter 2030 las sustancias nocivas son degradadas por una flora bacteriana aer\u00f3bica, fijada sobre un lecho especial presente en la masa filtrante de material vegetal biol\u00f3gicamente activo en compuestos no t\u00f3xicos, como: di\u00f3xido de carbono y agua. Se considera uno de los sistemas biol\u00f3gicos m\u00e1s eficaces y vers\u00e1tiles del mercado en el tratamiento de efluentes gaseosos de malos olores.[\/vc_column_text][vc_empty_space][\/vc_column][\/vc_row][vc_row css_animation=\u00bb\u00bb row_type=\u00bbrow\u00bb use_row_as_full_screen_section=\u00bbno\u00bb type=\u00bbgrid\u00bb angled_section=\u00bbno\u00bb text_align=\u00bbleft\u00bb background_image_as_pattern=\u00bbwithout_pattern\u00bb z_index=\u00bb\u00bb][vc_column][vc_separator type=\u00bbnormal\u00bb thickness=\u00bb3&#8243;][\/vc_column][\/vc_row][vc_row css_animation=\u00bb\u00bb row_type=\u00bbrow\u00bb use_row_as_full_screen_section=\u00bbno\u00bb type=\u00bbgrid\u00bb angled_section=\u00bbno\u00bb text_align=\u00bbleft\u00bb background_image_as_pattern=\u00bbwithout_pattern\u00bb z_index=\u00bb\u00bb css=\u00bb.vc_custom_1613317053422{margin-top: 30px !important;margin-bottom: 50px !important;}\u00bb][vc_column width=\u00bb1\/2&#8243;][vc_column_text css=\u00bb.vc_custom_1613320083989{margin-top: 30px !important;margin-bottom: 30px !important;}\u00bb]<\/p>\n<h4><strong>Bienestar de los animales<\/strong><\/h4>\n<p>&nbsp;<\/p>\n<p>Sobre la base de estas experiencias en la econom\u00eda circular y gracias a nuestro ciclo de procesamiento de biomasa vegetal totalmente integrado, en los \u00faltimos a\u00f1os hemos desarrollado soluciones de 360 \u200b\u200bgrados tambi\u00e9n en el mundo del bienestar animal. [\/vc_column_text][\/vc_column][vc_column width=\u00bb1\/2&#8243;][vc_single_image image=\u00bb876&#8243; img_size=\u00bbfull\u00bb qode_css_animation=\u00bb\u00bb][\/vc_column][\/vc_row]<\/p>\n","protected":false},"excerpt":{"rendered":"<p>[vc_row css_animation=\u00bb\u00bb row_type=\u00bbrow\u00bb use_row_as_full_screen_section=\u00bbno\u00bb type=\u00bbfull_width\u00bb angled_section=\u00bbno\u00bb text_align=\u00bbcenter\u00bb background_image_as_pattern=\u00bbwithout_pattern\u00bb z_index=\u00bb\u00bb css=\u00bb.vc_custom_1613291408646{background-color: #dddddd !important;}\u00bb el_id=\u00bbheadpags\u00bb][vc_column][vc_single_image image=\u00bb260&#8243; img_size=\u00bbfull\u00bb alignment=\u00bbcenter\u00bb style=\u00bbvc_box_shadow_3d\u00bb qode_css_animation=\u00bb\u00bb css=\u00bb.vc_custom_1611589186507{margin-top: 20px !important;margin-bottom: 10px !important;}\u00bb][\/vc_column][\/vc_row][vc_row css_animation=\u00bb\u00bb row_type=\u00bbrow\u00bb use_row_as_full_screen_section=\u00bbno\u00bb type=\u00bbgrid\u00bb angled_section=\u00bbno\u00bb text_align=\u00bbleft\u00bb background_image_as_pattern=\u00bbwithout_pattern\u00bb z_index=\u00bb\u00bb css=\u00bb.vc_custom_1611311329807{margin-top: 50px !important;margin-bottom: 50px !important;}\u00bb][vc_column][vc_text_separator title=\u00bbEconom\u00eda Circular\u00bb title_align=\u00bbseparator_align_left\u00bb border=\u00bbno\u00bb title_color=\u00bb#1e73be\u00bb background_color=\u00bb#ffffff\u00bb][vc_empty_space][vc_column_text]El Grupo siempre ha&#8230;<\/p>\n","protected":false},"author":3,"featured_media":0,"parent":0,"menu_order":0,"comment_status":"closed","ping_status":"closed","template":"full_width.php","meta":[],"aioseo_notices":[],"_links":{"self":[{"href":"https:\/\/sardiniabioenergy.it\/es\/wp-json\/wp\/v2\/pages\/750"}],"collection":[{"href":"https:\/\/sardiniabioenergy.it\/es\/wp-json\/wp\/v2\/pages"}],"about":[{"href":"https:\/\/sardiniabioenergy.it\/es\/wp-json\/wp\/v2\/types\/page"}],"author":[{"embeddable":true,"href":"https:\/\/sardiniabioenergy.it\/es\/wp-json\/wp\/v2\/users\/3"}],"replies":[{"embeddable":true,"href":"https:\/\/sardiniabioenergy.it\/es\/wp-json\/wp\/v2\/comments?post=750"}],"version-history":[{"count":8,"href":"https:\/\/sardiniabioenergy.it\/es\/wp-json\/wp\/v2\/pages\/750\/revisions"}],"predecessor-version":[{"id":3052,"href":"https:\/\/sardiniabioenergy.it\/es\/wp-json\/wp\/v2\/pages\/750\/revisions\/3052"}],"wp:attachment":[{"href":"https:\/\/sardiniabioenergy.it\/es\/wp-json\/wp\/v2\/media?parent=750"}],"curies":[{"name":"wp","href":"https:\/\/api.w.org\/{rel}","templated":true}]}}